{"id":7292,"date":"2022-01-26T06:37:39","date_gmt":"2022-01-26T06:37:39","guid":{"rendered":"https:\/\/www.dosruedasproducciones.com\/?page_id=7292"},"modified":"2025-05-15T16:22:22","modified_gmt":"2025-05-15T16:22:22","slug":"audiovisual","status":"publish","type":"page","link":"https:\/\/www.dosruedasproducciones.com\/en\/audiovisual\/","title":{"rendered":"Producci\u00f3n Audiovisual Costa Rica"},"content":{"rendered":"<div data-elementor-type=\"wp-page\" data-elementor-id=\"7292\" class=\"elementor elementor-7292\">\n\t\t\t\t\t\t<section class=\"elementor-section elementor-top-section elementor-element elementor-element-550f5d55 elementor-section-full_width elementor-section-stretched elementor-section-height-default elementor-section-height-default\" data-id=\"550f5d55\" data-element_type=\"section\" data-settings=\"{&quot;stretch_section&quot;:&quot;section-stretched&quot;}\">\n\t\t\t\t\t\t<div class=\"elementor-container elementor-column-gap-default\">\n\t\t\t\t\t<div class=\"elementor-column elementor-col-100 elementor-top-column elementor-element elementor-element-5670a593\" data-id=\"5670a593\" data-element_type=\"column\">\n\t\t\t<div class=\"elementor-widget-wrap elementor-element-populated\">\n\t\t\t\t\t\t<div class=\"elementor-element elementor-element-b0cdcdb elementor-widget elementor-widget-wpzoom-elementor-addons-slider-pro\" data-id=\"b0cdcdb\" data-element_type=\"widget\" data-widget_type=\"wpzoom-elementor-addons-slider-pro.default\">\n\t\t\t\t<div class=\"elementor-widget-container\">\n\t\t\t\t\t\t\t\t<div id=\"slider\" class=\"flexslider\" data-posts=\"1\">\n\t\t\t\t<ul class=\"slides\">\n\t\t\t\t\t\t\t\t\t\t\t<li  data-smallimg=\"https:\/\/www.dosruedasproducciones.com\/wp-content\/uploads\/2024\/01\/DRP_Logo_Full_Black_Background_1700px-1000x562.png\" data-bigimg=\"https:\/\/www.dosruedasproducciones.com\/wp-content\/uploads\/2024\/01\/DRP_Logo_Full_Black_Background_1700px.png\" data-mediumimg=\"https:\/\/www.dosruedasproducciones.com\/wp-content\/uploads\/2024\/01\/DRP_Logo_Full_Black_Background_1700px.png\"   class=\"is-vimeo-pro-slide\" data-vimeo-options='{\"autoplay\":true,\"muted\":true,\"loop\":true,\"byline\":0,\"title\":0,\"id\":\"897985901\",\"url\":\"https:\\\/\\\/vimeo.com\\\/897985901\",\"background\":1,\"dnt\":false}' >\n\n\t\t\t\t\t\t\t<div class=\"slide-background-overlay\"><\/div>\n\n                            \n                                                                <a data-popup-type=\"iframe\" data-popup-video-options='{\"autoplay\":true,\"mute\":false,\"loop\":false}' class=\"popup-video animated slow pulse\" href=\"https:\/\/vimeo.com\/897985901\/76cbb7bd3a\" aria-label=\"Watch Video\"><\/a>\n                                \n                            \n                            <div class=\"li-wrap wpz-left-slider-wrap wpz-bottom-slider-wrap\">\n\n                                \n\t\t\t\t\t\t\t\t\t\t\t\t\t\t\t\t\t\t\t<h1 class=\"missing-url\">REEL VIDEOWORK 2022-23<\/h1>\t\t\t\t\t\t\t\t\t\n                                \n\t\t\t\t\t\t\t\t\t<div class=\"excerpt\">\n<p>Get to know some of our more recent client work<\/p>\n\n\n\n<p><\/p>\n<\/div>\n\n\t\t\t\t\t\t\t\t                                \n\t\t\t\t\t\t\t<\/div>\n\n\t\t\t\t\t\t\t\n\t\t\t\t\t\t\t\t<div class=\"background-video-buttons-wrapper\">\n\n\t\t\t\t\t\t\t\t\t\t\t\t\t\t\t\t\t\t\t<a class=\"wpzoom-button-video-background-play display-none\" href=\"#\">Play<\/a>\n\t\t\t\t\t\t\t\t\t\t<a class=\"wpzoom-button-video-background-pause display-none\" href=\"#\">Pause<\/a>\n\n\t\t\t\t\t\t\t\t\t\n\t\t\t\t\t\t\t\t\t\t\t\t\t\t\t\t\t\t\t<a class=\"wpzoom-button-sound-background-unmute display-none\" href=\"#\">Unmute<\/a>\n\t\t\t\t\t\t\t\t\t\t<a class=\"wpzoom-button-sound-background-mute display-none\" href=\"#\">Mute<\/a>\n\n\t\t\t\t\t\t\t\t\t\n\t\t\t\t\t\t\t\t<\/div>\n\t\t\t\t\t\t\t\t\t\t\t\t\t<\/li>\n\t\t\t\t\t\n\t\t\t\t<\/ul>\n\t\t\t\t\t\t\t\t\t<div id=\"scroll-to-content\" title=\"Scroll to Content\">\n\t\t\t\t\t\tScroll to Content\t\t\t\t\t<\/div>\n\t\t\t\t\t\t\t<\/div>\n\t\t\t\t\t\t<\/div>\n\t\t\t\t<\/div>\n\t\t\t\t\t<\/div>\n\t\t<\/div>\n\t\t\t\t\t<\/div>\n\t\t<\/section>\n\t\t\t\t<section class=\"elementor-section elementor-top-section elementor-element elementor-element-b4c4a2d elementor-section-full_width elementor-section-stretched elementor-section-height-default elementor-section-height-default\" data-id=\"b4c4a2d\" data-element_type=\"section\" data-settings=\"{&quot;stretch_section&quot;:&quot;section-stretched&quot;}\">\n\t\t\t\t\t\t<div class=\"elementor-container elementor-column-gap-default\">\n\t\t\t\t\t<div class=\"elementor-column elementor-col-100 elementor-top-column elementor-element elementor-element-25d39fe5\" data-id=\"25d39fe5\" data-element_type=\"column\">\n\t\t\t<div class=\"elementor-widget-wrap elementor-element-populated\">\n\t\t\t\t\t\t<div class=\"elementor-element elementor-element-b639e1e elementor-widget elementor-widget-wpzoom-elementor-addons-portfolio-showcase\" data-id=\"b639e1e\" data-element_type=\"widget\" data-settings=\"{&quot;portfolio_showcase_styles&quot;:&quot;default&quot;}\" data-widget_type=\"wpzoom-elementor-addons-portfolio-showcase.default\">\n\t\t\t\t<div class=\"elementor-widget-container\">\n\t\t\t\t\t<div class=\"portfolio-showcase\"><div class=\"portfolio-showcase-header\"><h2 class=\"wpzoom-portfolio-showcase-widget-title\">Videowork<\/h2><nav class=\"portfolio-archive-taxonomies\" style=\"\">\n\t<ul class=\"portfolio-taxonomies portfolio-taxonomies-filter-by\">\n\t\t<li data-subcategory=\"46\"\t\t\tclass=\"cat-item cat-item-all current-cat\" \n\t\t\tdata-counter=\"4\"\n\t\t>\n\t\t\t<a href=\"https:\/\/www.dosruedasproducciones.com\/en\/reel-videowork-2023\/\">All<\/a>\n\t\t<\/li>\n\t\t\t<li class=\"cat-item cat-item-53\"><a href=\"https:\/\/www.dosruedasproducciones.com\/en\/portfolio\/contenido-de-marca\/\">Brand Content<\/a>\n<\/li>\n\t<li class=\"cat-item cat-item-51\"><a href=\"https:\/\/www.dosruedasproducciones.com\/en\/portfolio\/corporativo\/\">Corporate<\/a>\n<\/li>\n\t<li class=\"cat-item cat-item-49\"><a href=\"https:\/\/www.dosruedasproducciones.com\/en\/portfolio\/documental\/\">Documentary<\/a>\n<\/li>\n\t<li class=\"cat-item cat-item-58\"><a href=\"https:\/\/www.dosruedasproducciones.com\/en\/portfolio\/narrativo\/\">Narrative<\/a>\n<\/li>\n\t<li class=\"cat-item cat-item-60\"><a href=\"https:\/\/www.dosruedasproducciones.com\/en\/portfolio\/videoclip\/\">Videoclip<\/a>\n<\/li>\n\t<\/ul>\n<\/nav><\/div><!-- \/\/ .portfolio-showcase-header -->\t\t\t<div data-subcategory=\"46\"\t\t\t\tdata-ajax-items-loading=\"1\"\n\t\t\t\tdata-nonce=\"8127dba547\"\n\t\t\t\tdata-count-nonce=\"590732bdb4\"\n\t\t\t\tdata-items-count=\"4\"\n\t\t\t\tdata-instance=\"{&quot;layout_type&quot;:&quot;full-width&quot;,&quot;col_number&quot;:&quot;4&quot;,&quot;aspect_ratio&quot;:&quot;default&quot;,&quot;background_video&quot;:true,&quot;show_masonry&quot;:false,&quot;show_popup&quot;:true,&quot;show_popup_caption&quot;:true,&quot;show_excerpt&quot;:false,&quot;view_all_btn&quot;:true,&quot;readmore_text&quot;:&quot;Read More&quot;,&quot;enable_director_name&quot;:false,&quot;enable_year&quot;:false,&quot;enable_category&quot;:false,&quot;show_count&quot;:8,&quot;show_categories&quot;:true,&quot;always_play_background_video&quot;:false}\"\n\t\t\t\tclass=\"portfolio-grid  portfolio_with_space col_no_4\"\n\t\t\t>\n\t\t\t\t            <article id=\"post-8033\" class=\"portfolio_60_item portfolio_item post-8033 type-portfolio_item status-publish has-post-thumbnail hentry portfolio-videoclip\">\n            \n                    <div class=\"entry-thumbnail-popover\">\n                        <div class=\"entry-thumbnail-popover-content lightbox_popup_insp popover-content--animated\" data-show-caption=\"1\">\n\n                            <a class=\"wpz-portfolio-link\" href=\"https:\/\/www.dosruedasproducciones.com\/en\/project\/recordando-un-bolero\/\" title=\"Recordando un Bolero &#8211; Hashi Duo\"><\/a>\n\n                            <div class=\"entry-meta\">\n\n                                <!-- start lightbox --><a\n                                    class=\"mfp-iframe portfolio-popup-video\"\n                                    href=\"https:\/\/www.youtube.com\/watch?v=Wph7SiCg1GE\" aria-label=\"Watch Video\"><\/a>\n                                \n                                <h3 class=\"portfolio_item-title\">\n                                    <a href=\"https:\/\/www.dosruedasproducciones.com\/en\/project\/recordando-un-bolero\/\"\n                                       title=\"Recordando un Bolero &#8211; Hashi Duo\">Recordando un Bolero &#8211; Hashi Duo<\/a>\n                                <\/h3>\n\n                                <ul>\n                                    \n                                    \n                                                                    <\/ul>\n\n                            <\/div>\n\n                        <\/div>\n                    <\/div>\n\n                    \n                        <img fetchpriority=\"high\" decoding=\"async\" width=\"600\" height=\"400\" src=\"https:\/\/www.dosruedasproducciones.com\/wp-content\/uploads\/2023\/11\/recordando_un_bolero_featured-600x400.jpg\" class=\"attachment-portfolio_item-thumbnail size-portfolio_item-thumbnail wp-post-image\" alt=\"\" \/>\n                    \n\n                            <\/article>            <article id=\"post-7899\" class=\"portfolio_53_item portfolio_51_item portfolio_49_item portfolio_item post-7899 type-portfolio_item status-publish has-post-thumbnail hentry portfolio-contenido-de-marca portfolio-corporativo portfolio-documental\">\n            \n                    <div class=\"entry-thumbnail-popover\">\n                        <div class=\"entry-thumbnail-popover-content lightbox_popup_insp popover-content--animated\" data-show-caption=\"1\">\n\n                            <a class=\"wpz-portfolio-link\" href=\"https:\/\/www.dosruedasproducciones.com\/en\/project\/10-aniversario-teisa\/\" title=\"10\u00b0 Aniversario &#8211; TEISA\"><\/a>\n\n                            <div class=\"entry-meta\">\n\n                                <!-- start lightbox --><a\n                                    class=\"mfp-iframe portfolio-popup-video\"\n                                    href=\"https:\/\/vimeo.com\/807744098\/6ebb8281a9?\" aria-label=\"Watch Video\"><\/a>\n                                \n                                <h3 class=\"portfolio_item-title\">\n                                    <a href=\"https:\/\/www.dosruedasproducciones.com\/en\/project\/10-aniversario-teisa\/\"\n                                       title=\"10\u00b0 Aniversario &#8211; TEISA\">10\u00b0 Aniversario &#8211; TEISA<\/a>\n                                <\/h3>\n\n                                <ul>\n                                    \n                                    \n                                                                    <\/ul>\n\n                            <\/div>\n\n                        <\/div>\n                    <\/div>\n\n                    \n                        <img decoding=\"async\" width=\"600\" height=\"400\" src=\"https:\/\/www.dosruedasproducciones.com\/wp-content\/uploads\/2023\/04\/teisa_10_aniversario_thumbnail-600x400.jpg\" class=\"attachment-portfolio_item-thumbnail size-portfolio_item-thumbnail wp-post-image\" alt=\"\" \/>\n                    \n\n                            <\/article>            <article id=\"post-7934\" class=\"portfolio_60_item portfolio_item post-7934 type-portfolio_item status-publish has-post-thumbnail hentry portfolio-videoclip\">\n            \n                    <div class=\"entry-thumbnail-popover\">\n                        <div class=\"entry-thumbnail-popover-content lightbox_popup_insp popover-content--animated\" data-show-caption=\"1\">\n\n                            <a class=\"wpz-portfolio-link\" href=\"https:\/\/www.dosruedasproducciones.com\/en\/project\/partita-para-guitarra-videoclip\/\" title=\"Partita para guitarra (Videoclip)\"><\/a>\n\n                            <div class=\"entry-meta\">\n\n                                <!-- start lightbox --><a\n                                    class=\"mfp-iframe portfolio-popup-video\"\n                                    href=\"https:\/\/www.youtube.com\/watch?v=KMXOAXW37Fw\" aria-label=\"Watch Video\"><\/a>\n                                \n                                <h3 class=\"portfolio_item-title\">\n                                    <a href=\"https:\/\/www.dosruedasproducciones.com\/en\/project\/partita-para-guitarra-videoclip\/\"\n                                       title=\"Partita para guitarra (Videoclip)\">Partita para guitarra (Videoclip)<\/a>\n                                <\/h3>\n\n                                <ul>\n                                    \n                                    \n                                                                    <\/ul>\n\n                            <\/div>\n\n                        <\/div>\n                    <\/div>\n\n                    \n                        <img decoding=\"async\" width=\"600\" height=\"400\" src=\"https:\/\/www.dosruedasproducciones.com\/wp-content\/uploads\/2023\/04\/maxresdefault-600x400.jpg\" class=\"attachment-portfolio_item-thumbnail size-portfolio_item-thumbnail wp-post-image\" alt=\"\" \/>\n                    \n\n                            <\/article>            <article id=\"post-7451\" class=\"portfolio_118_item portfolio_49_item portfolio_58_item portfolio_item post-7451 type-portfolio_item status-publish has-post-thumbnail hentry portfolio-corto portfolio-documental portfolio-narrativo\">\n            \n                    <div class=\"entry-thumbnail-popover\">\n                        <div class=\"entry-thumbnail-popover-content lightbox_popup_insp popover-content--animated\" data-show-caption=\"1\">\n\n                            <a class=\"wpz-portfolio-link\" href=\"https:\/\/www.dosruedasproducciones.com\/en\/project\/artistas-vistos-por-artistas\/\" title=\"Artistas vistos por artistas\"><\/a>\n\n                            <div class=\"entry-meta\">\n\n                                <!-- start lightbox --><a\n                                    class=\"mfp-iframe portfolio-popup-video\"\n                                    href=\"https:\/\/vimeo.com\/745519495\/aba7a31d3c\" aria-label=\"Watch Video\"><\/a>\n                                \n                                <h3 class=\"portfolio_item-title\">\n                                    <a href=\"https:\/\/www.dosruedasproducciones.com\/en\/project\/artistas-vistos-por-artistas\/\"\n                                       title=\"Artistas vistos por artistas\">Artistas vistos por artistas<\/a>\n                                <\/h3>\n\n                                <ul>\n                                    \n                                    \n                                                                    <\/ul>\n\n                            <\/div>\n\n                        <\/div>\n                    <\/div>\n\n                    \n                        <img loading=\"lazy\" decoding=\"async\" width=\"600\" height=\"400\" src=\"https:\/\/www.dosruedasproducciones.com\/wp-content\/uploads\/2022\/01\/artistas_vistos_por_artistas_thumbnail-e1695088009223-600x400.jpg\" class=\"attachment-portfolio_item-thumbnail size-portfolio_item-thumbnail wp-post-image\" alt=\"\" \/>\n                    \n\n                            <\/article>\n\t\t\t<\/div><!-- \/\/ .portfolio-grid -->\n\n\t\t\t\t\t\t\t\n\n\t\t\t\t\n\t\t\t\t\t<div class=\"portfolio-preloader\">\n\t\t\t\t<div id=\"loading-39x\">\n\t\t\t\t\t<div class=\"spinner\">\n\t\t\t\t\t\t<div class=\"rect1\"><\/div> \n\t\t\t\t\t\t<div class=\"rect2\"><\/div> \n\t\t\t\t\t\t<div class=\"rect3\"><\/div> \n\t\t\t\t\t\t<div class=\"rect4\"><\/div> \n\t\t\t\t\t\t<div class=\"rect5\"><\/div>\n\t\t\t\t\t<\/div>\n\t\t\t\t<\/div>\n\t\t\t<\/div>\n\t\t\n        \n            \n            <div class=\"portfolio-view_all-link\">\n\t\t\t\t<a href=\"#\" class=\"btn\" title=\"Ver m\u00e1s\" data-ajax-loading=\"1\">\n\t\t\t\t\tVer m\u00e1s\t\t\t\t<\/a>\n            <\/div><!-- .portfolio-view_all-link -->\n\t\t\t\n        \n\t\t<\/div><!-- \/\/ .portfolio-showcase -->\t\t\t\t<\/div>\n\t\t\t\t<\/div>\n\t\t\t\t\t<\/div>\n\t\t<\/div>\n\t\t\t\t\t<\/div>\n\t\t<\/section>\n\t\t\t\t<section class=\"elementor-section elementor-top-section elementor-element elementor-element-6d7ea497 elementor-section-stretched elementor-section-boxed elementor-section-height-default elementor-section-height-default\" data-id=\"6d7ea497\" data-element_type=\"section\" data-settings=\"{&quot;stretch_section&quot;:&quot;section-stretched&quot;}\">\n\t\t\t\t\t\t<div class=\"elementor-container elementor-column-gap-no\">\n\t\t\t\t\t<div class=\"elementor-column elementor-col-100 elementor-top-column elementor-element elementor-element-3936a6d0\" data-id=\"3936a6d0\" data-element_type=\"column\">\n\t\t\t<div class=\"elementor-widget-wrap elementor-element-populated\">\n\t\t\t\t\t\t<section class=\"elementor-section elementor-inner-section elementor-element elementor-element-5d101fae elementor-section-full_width elementor-section-height-default elementor-section-height-default\" data-id=\"5d101fae\" data-element_type=\"section\">\n\t\t\t\t\t\t<div class=\"elementor-container elementor-column-gap-no\">\n\t\t\t\t\t<div class=\"elementor-column elementor-col-50 elementor-inner-column elementor-element elementor-element-287e0328\" data-id=\"287e0328\" data-element_type=\"column\">\n\t\t\t<div class=\"elementor-widget-wrap elementor-element-populated\">\n\t\t\t\t\t\t<div class=\"elementor-element elementor-element-ee88cae elementor-hidden-desktop elementor-hidden-tablet elementor-widget elementor-widget-spacer\" data-id=\"ee88cae\" data-element_type=\"widget\" data-widget_type=\"spacer.default\">\n\t\t\t\t<div class=\"elementor-widget-container\">\n\t\t\t\t\t\t\t<div class=\"elementor-spacer\">\n\t\t\t<div class=\"elementor-spacer-inner\"><\/div>\n\t\t<\/div>\n\t\t\t\t\t\t<\/div>\n\t\t\t\t<\/div>\n\t\t\t\t<div class=\"elementor-element elementor-element-9d6a824 elementor-widget elementor-widget-heading\" data-id=\"9d6a824\" data-element_type=\"widget\" data-widget_type=\"heading.default\">\n\t\t\t\t<div class=\"elementor-widget-container\">\n\t\t\t\t\t<h4 class=\"elementor-heading-title elementor-size-default\">NEW LIFE, NEW LOGO<\/h4>\t\t\t\t<\/div>\n\t\t\t\t<\/div>\n\t\t\t\t<div class=\"elementor-element elementor-element-1f50453d elementor-widget elementor-widget-text-editor\" data-id=\"1f50453d\" data-element_type=\"widget\" data-widget_type=\"text-editor.default\">\n\t\t\t\t<div class=\"elementor-widget-container\">\n\t\t\t\t\t\t\t\t\t<p>In February 2020, we began recording a short film titled \u201cAn Illegitimate Son.\u201d Recording, however, was suspended and ultimately canceled due to the Covid-19 pandemic.<\/p><p><span style=\"background-color: var(--color__body-background); color: var(--color__body-text); letter-spacing: 0px;\">After a pause to collect our ideas, we decided not to freeze and we launched a project that we wanted to start for a long time, thus we founded our company Dos Ruedas Producciones.\u00a0<\/span><\/p><p><span style=\"background-color: var(--color__body-background); color: var(--color__body-text); letter-spacing: 0px;\">Nuestra idea inicial; realizar <strong>producci\u00f3n audiovisual<\/strong> para marcas, empresas y personas, realizar contenido de marca, corporativo, promocional y art\u00edstico. En ese momento ten\u00edamos la idea de separar la marca con la que realizamos proyectos audiovisuales de la marca que representar\u00eda nuestros proyectos cinematogr\u00e1ficos.\u00a0<\/span><\/p><p><span style=\"background-color: var(--color__body-background); color: var(--color__body-text); letter-spacing: 0px;\">Sin embargo, muy pronto, tuvimos la oportunidad de comenzar la producci\u00f3n de nuestro primer largometraje de ficci\u00f3n y seguido el primer largometraje documental; y luego vinieron m\u00e1s proyectos de cine y de <strong>producci\u00f3n audiovisual<\/strong>, as\u00ed que nos dimos a la tarea de replantear nuestra imagen y nuestra marca&#8230;<\/span><\/p>\t\t\t\t\t\t\t\t<\/div>\n\t\t\t\t<\/div>\n\t\t\t\t\t<\/div>\n\t\t<\/div>\n\t\t\t\t<div class=\"elementor-column elementor-col-50 elementor-inner-column elementor-element elementor-element-f23f19e\" data-id=\"f23f19e\" data-element_type=\"column\">\n\t\t\t<div class=\"elementor-widget-wrap elementor-element-populated\">\n\t\t\t\t\t\t<div class=\"elementor-element elementor-element-f2f6f0e elementor-widget elementor-widget-spacer\" data-id=\"f2f6f0e\" data-element_type=\"widget\" data-widget_type=\"spacer.default\">\n\t\t\t\t<div class=\"elementor-widget-container\">\n\t\t\t\t\t\t\t<div class=\"elementor-spacer\">\n\t\t\t<div class=\"elementor-spacer-inner\"><\/div>\n\t\t<\/div>\n\t\t\t\t\t\t<\/div>\n\t\t\t\t<\/div>\n\t\t\t\t<div class=\"elementor-element elementor-element-7729b9b9 elementor-widget elementor-widget-image\" data-id=\"7729b9b9\" data-element_type=\"widget\" data-widget_type=\"image.default\">\n\t\t\t\t<div class=\"elementor-widget-container\">\n\t\t\t\t\t\t\t\t\t\t\t\t\t\t\t<img loading=\"lazy\" decoding=\"async\" width=\"768\" height=\"595\" src=\"https:\/\/www.dosruedasproducciones.com\/wp-content\/uploads\/2024\/02\/drp_logo_full_black-768x595.webp\" class=\"attachment-medium_large size-medium_large wp-image-8283\" alt=\"\" srcset=\"https:\/\/www.dosruedasproducciones.com\/wp-content\/uploads\/2024\/02\/drp_logo_full_black-768x595.webp 768w, https:\/\/www.dosruedasproducciones.com\/wp-content\/uploads\/2024\/02\/drp_logo_full_black-300x232.webp 300w, https:\/\/www.dosruedasproducciones.com\/wp-content\/uploads\/2024\/02\/drp_logo_full_black-1024x793.webp 1024w, https:\/\/www.dosruedasproducciones.com\/wp-content\/uploads\/2024\/02\/drp_logo_full_black-1000x774.webp 1000w, https:\/\/www.dosruedasproducciones.com\/wp-content\/uploads\/2024\/02\/drp_logo_full_black-723x560.webp 723w, https:\/\/www.dosruedasproducciones.com\/wp-content\/uploads\/2024\/02\/drp_logo_full_black-600x465.webp 600w, https:\/\/www.dosruedasproducciones.com\/wp-content\/uploads\/2024\/02\/drp_logo_full_black.webp 1200w\" sizes=\"(max-width: 768px) 100vw, 768px\" \/>\t\t\t\t\t\t\t\t\t\t\t\t\t\t\t<\/div>\n\t\t\t\t<\/div>\n\t\t\t\t<div class=\"elementor-element elementor-element-44f8d7b elementor-hidden-desktop elementor-hidden-tablet elementor-widget elementor-widget-spacer\" data-id=\"44f8d7b\" data-element_type=\"widget\" data-widget_type=\"spacer.default\">\n\t\t\t\t<div class=\"elementor-widget-container\">\n\t\t\t\t\t\t\t<div class=\"elementor-spacer\">\n\t\t\t<div class=\"elementor-spacer-inner\"><\/div>\n\t\t<\/div>\n\t\t\t\t\t\t<\/div>\n\t\t\t\t<\/div>\n\t\t\t\t\t<\/div>\n\t\t<\/div>\n\t\t\t\t\t<\/div>\n\t\t<\/section>\n\t\t\t\t\t<\/div>\n\t\t<\/div>\n\t\t\t\t\t<\/div>\n\t\t<\/section>\n\t\t\t\t<section class=\"elementor-section elementor-top-section elementor-element elementor-element-f1df18c elementor-section-full_width elementor-hidden-tablet elementor-hidden-mobile elementor-section-height-default elementor-section-height-default\" data-id=\"f1df18c\" data-element_type=\"section\" data-settings=\"{&quot;background_background&quot;:&quot;classic&quot;}\">\n\t\t\t\t\t\t<div class=\"elementor-container elementor-column-gap-default\">\n\t\t\t\t\t<div class=\"elementor-column elementor-col-100 elementor-top-column elementor-element elementor-element-a32bd9b\" data-id=\"a32bd9b\" data-element_type=\"column\">\n\t\t\t<div class=\"elementor-widget-wrap elementor-element-populated\">\n\t\t\t\t\t\t<div class=\"elementor-element elementor-element-325f503 elementor-widget elementor-widget-spacer\" data-id=\"325f503\" data-element_type=\"widget\" data-widget_type=\"spacer.default\">\n\t\t\t\t<div class=\"elementor-widget-container\">\n\t\t\t\t\t\t\t<div class=\"elementor-spacer\">\n\t\t\t<div class=\"elementor-spacer-inner\"><\/div>\n\t\t<\/div>\n\t\t\t\t\t\t<\/div>\n\t\t\t\t<\/div>\n\t\t\t\t<div class=\"elementor-element elementor-element-a413a76 elementor-widget elementor-widget-spacer\" data-id=\"a413a76\" data-element_type=\"widget\" data-widget_type=\"spacer.default\">\n\t\t\t\t<div class=\"elementor-widget-container\">\n\t\t\t\t\t\t\t<div class=\"elementor-spacer\">\n\t\t\t<div class=\"elementor-spacer-inner\"><\/div>\n\t\t<\/div>\n\t\t\t\t\t\t<\/div>\n\t\t\t\t<\/div>\n\t\t\t\t<div class=\"elementor-element elementor-element-bca4179 elementor-widget elementor-widget-spacer\" data-id=\"bca4179\" data-element_type=\"widget\" data-widget_type=\"spacer.default\">\n\t\t\t\t<div class=\"elementor-widget-container\">\n\t\t\t\t\t\t\t<div class=\"elementor-spacer\">\n\t\t\t<div class=\"elementor-spacer-inner\"><\/div>\n\t\t<\/div>\n\t\t\t\t\t\t<\/div>\n\t\t\t\t<\/div>\n\t\t\t\t\t<\/div>\n\t\t<\/div>\n\t\t\t\t\t<\/div>\n\t\t<\/section>\n\t\t\t\t<\/div>","protected":false},"excerpt":{"rendered":"<p>REEL VIDEOWORK 2022-23 Conoce algunos de los trabajos que hemos realizado para nuestros clientes Play Pause Unmute Mute Scroll to Content Nuestro trabajo All Contenido de marca Corporativo Documental Narrativo Promo Redes Videoclip https:\/\/www.dosruedasproducciones.com\/wp-content\/uploads\/2024\/01\/chalet_convertibles-540p.mp4 Chalet &#8211; Solo convertibles (Evento) Chalet &#8211; Solo convertibles (Evento) Recordando un Bolero &#8211; Hashi Duo [&hellip;]<\/p>","protected":false},"author":1,"featured_media":0,"parent":0,"menu_order":0,"comment_status":"closed","ping_status":"closed","template":"page-templates\/full-width-no-title.php","meta":{"footnotes":""},"class_list":["post-7292","page","type-page","status-publish","hentry"],"aioseo_notices":[],"_links":{"self":[{"href":"https:\/\/www.dosruedasproducciones.com\/en\/wp-json\/wp\/v2\/pages\/7292","targetHints":{"allow":["GET"]}}],"collection":[{"href":"https:\/\/www.dosruedasproducciones.com\/en\/wp-json\/wp\/v2\/pages"}],"about":[{"href":"https:\/\/www.dosruedasproducciones.com\/en\/wp-json\/wp\/v2\/types\/page"}],"author":[{"embeddable":true,"href":"https:\/\/www.dosruedasproducciones.com\/en\/wp-json\/wp\/v2\/users\/1"}],"replies":[{"embeddable":true,"href":"https:\/\/www.dosruedasproducciones.com\/en\/wp-json\/wp\/v2\/comments?post=7292"}],"version-history":[{"count":61,"href":"https:\/\/www.dosruedasproducciones.com\/en\/wp-json\/wp\/v2\/pages\/7292\/revisions"}],"predecessor-version":[{"id":8585,"href":"https:\/\/www.dosruedasproducciones.com\/en\/wp-json\/wp\/v2\/pages\/7292\/revisions\/8585"}],"wp:attachment":[{"href":"https:\/\/www.dosruedasproducciones.com\/en\/wp-json\/wp\/v2\/media?parent=7292"}],"curies":[{"name":"wp","href":"https:\/\/api.w.org\/{rel}","templated":true}]}}