{"id":7423,"date":"2022-01-29T01:08:28","date_gmt":"2022-01-29T01:08:28","guid":{"rendered":"https:\/\/www.dosruedasproducciones.com\/?page_id=7423"},"modified":"2024-02-21T02:09:17","modified_gmt":"2024-02-21T02:09:17","slug":"alvaro-torres-crespo","status":"publish","type":"page","link":"https:\/\/www.dosruedasproducciones.com\/en\/alvaro-torres-crespo\/","title":{"rendered":"\u00c1lvaro Torres Crespo"},"content":{"rendered":"<div data-elementor-type=\"wp-page\" data-elementor-id=\"7423\" class=\"elementor elementor-7423\">\n\t\t\t\t\t\t<section class=\"elementor-section elementor-top-section elementor-element elementor-element-270b88d elementor-section-boxed elementor-section-height-default elementor-section-height-default\" data-id=\"270b88d\" data-element_type=\"section\">\n\t\t\t\t\t\t<div class=\"elementor-container elementor-column-gap-no\">\n\t\t\t\t\t<div class=\"elementor-column elementor-col-50 elementor-top-column elementor-element elementor-element-7c48e95c\" data-id=\"7c48e95c\" data-element_type=\"column\">\n\t\t\t<div class=\"elementor-widget-wrap elementor-element-populated\">\n\t\t\t\t\t\t<div class=\"elementor-element elementor-element-173b6b56 elementor-widget elementor-widget-image\" data-id=\"173b6b56\" data-element_type=\"widget\" data-widget_type=\"image.default\">\n\t\t\t\t<div class=\"elementor-widget-container\">\n\t\t\t\t\t\t\t\t\t\t\t\t\t\t\t<img fetchpriority=\"high\" decoding=\"async\" width=\"247\" height=\"300\" src=\"https:\/\/www.dosruedasproducciones.com\/wp-content\/uploads\/2022\/01\/alvaro-torres-crespo-e1643422552111-247x300.jpg\" class=\"attachment-medium size-medium wp-image-7430\" alt=\"\" srcset=\"https:\/\/www.dosruedasproducciones.com\/wp-content\/uploads\/2022\/01\/alvaro-torres-crespo-e1643422552111-247x300.jpg 247w, https:\/\/www.dosruedasproducciones.com\/wp-content\/uploads\/2022\/01\/alvaro-torres-crespo-e1643422552111.jpg 400w\" sizes=\"(max-width: 247px) 100vw, 247px\" \/>\t\t\t\t\t\t\t\t\t\t\t\t\t\t\t<\/div>\n\t\t\t\t<\/div>\n\t\t\t\t\t<\/div>\n\t\t<\/div>\n\t\t\t\t<div class=\"elementor-column elementor-col-50 elementor-top-column elementor-element elementor-element-64ecaf5e\" data-id=\"64ecaf5e\" data-element_type=\"column\">\n\t\t\t<div class=\"elementor-widget-wrap elementor-element-populated\">\n\t\t\t\t\t\t<div class=\"elementor-element elementor-element-59393114 elementor-widget elementor-widget-heading\" data-id=\"59393114\" data-element_type=\"widget\" data-widget_type=\"heading.default\">\n\t\t\t\t<div class=\"elementor-widget-container\">\n\t\t\t\t\t<h2 class=\"elementor-heading-title elementor-size-default\">\u00c1lvaro Torres Crespo<\/h2>\t\t\t\t<\/div>\n\t\t\t\t<\/div>\n\t\t\t\t<div class=\"elementor-element elementor-element-c1c4425 elementor-widget__width-initial elementor-widget-tablet__width-initial elementor-widget elementor-widget-text-editor\" data-id=\"c1c4425\" data-element_type=\"widget\" data-widget_type=\"text-editor.default\">\n\t\t\t\t<div class=\"elementor-widget-container\">\n\t\t\t\t\t\t\t\t\t<p>\u00c1lvaro complet\u00f3 sus estudios de cine en el Northwest Film Center en Portland, Oregon. Obtuvo su<br \/>Maestr\u00eda en cine y guion de la Universidad de Texas en Austin. Adem\u00e1s, es economista graduado de la<br \/>Universidad de Costa Rica (1995-2000) y realiz\u00f3 sus estudios de maestr\u00eda en econom\u00eda tambi\u00e9n en la<br \/>Universidad de Texas en Austin. Tiene experiencia en investigaci\u00f3n y proyectos de desarrollo sostenible,<br \/>desarrollo socio-econ\u00f3mico regional y local, as\u00ed como en geograf\u00eda y ecolog\u00eda pol\u00edtica. Su primer<br \/>largometraje docuemental Nosotros las piedras, fue grabado durante casi cuatro a\u00f1os en el bosque<br \/>lluvioso del Pac\u00edfico sur costarricense y gan\u00f3 el premio a mejor documental en el Festival Internacional<br \/>de Cine de Cartagena de Indias en 2018, fue nominado a un premio F\u00e9nix y ha sido proyectado en<br \/>decenas de festivales alrededor del mundo.<\/p>\t\t\t\t\t\t\t\t<\/div>\n\t\t\t\t<\/div>\n\t\t\t\t<div class=\"elementor-element elementor-element-d22fe09 elementor-shape-circle e-grid-align-left elementor-grid-0 elementor-widget elementor-widget-social-icons\" data-id=\"d22fe09\" data-element_type=\"widget\" data-widget_type=\"social-icons.default\">\n\t\t\t\t<div class=\"elementor-widget-container\">\n\t\t\t\t\t\t\t<div class=\"elementor-social-icons-wrapper elementor-grid\" role=\"list\">\n\t\t\t\t\t\t\t<span class=\"elementor-grid-item\" role=\"listitem\">\n\t\t\t\t\t<a class=\"elementor-icon elementor-social-icon elementor-social-icon-instagram elementor-repeater-item-0d897b4\" href=\"https:\/\/www.instagram.com\/atorrescrespo\/\" target=\"_blank\">\n\t\t\t\t\t\t<span class=\"elementor-screen-only\">Instagram<\/span>\n\t\t\t\t\t\t<i aria-hidden=\"true\" class=\"fab fa-instagram\"><\/i>\t\t\t\t\t<\/a>\n\t\t\t\t<\/span>\n\t\t\t\t\t\t\t<span class=\"elementor-grid-item\" role=\"listitem\">\n\t\t\t\t\t<a class=\"elementor-icon elementor-social-icon elementor-social-icon-vimeo elementor-repeater-item-9db7946\" href=\"https:\/\/vimeo.com\/torrescrespo\" target=\"_blank\">\n\t\t\t\t\t\t<span class=\"elementor-screen-only\">Vimeo<\/span>\n\t\t\t\t\t\t<i aria-hidden=\"true\" class=\"fab fa-vimeo\"><\/i>\t\t\t\t\t<\/a>\n\t\t\t\t<\/span>\n\t\t\t\t\t<\/div>\n\t\t\t\t\t\t<\/div>\n\t\t\t\t<\/div>\n\t\t\t\t\t<\/div>\n\t\t<\/div>\n\t\t\t\t\t<\/div>\n\t\t<\/section>\n\t\t\t\t<section class=\"elementor-section elementor-top-section elementor-element elementor-element-15ad9978 elementor-section-boxed elementor-section-height-default elementor-section-height-default\" data-id=\"15ad9978\" data-element_type=\"section\">\n\t\t\t\t\t\t<div class=\"elementor-container elementor-column-gap-no\">\n\t\t\t\t\t<div class=\"elementor-column elementor-col-100 elementor-top-column elementor-element elementor-element-2789319a\" data-id=\"2789319a\" data-element_type=\"column\">\n\t\t\t<div class=\"elementor-widget-wrap elementor-element-populated\">\n\t\t\t\t\t\t<div class=\"elementor-element elementor-element-51d7e878 elementor-widget elementor-widget-heading\" data-id=\"51d7e878\" data-element_type=\"widget\" data-widget_type=\"heading.default\">\n\t\t\t\t<div class=\"elementor-widget-container\">\n\t\t\t\t\t<h2 class=\"elementor-heading-title elementor-size-default\">Colaboraciones <\/h2>\t\t\t\t<\/div>\n\t\t\t\t<\/div>\n\t\t\t\t\t<\/div>\n\t\t<\/div>\n\t\t\t\t\t<\/div>\n\t\t<\/section>\n\t\t\t\t<section class=\"elementor-section elementor-top-section elementor-element elementor-element-5b735ed elementor-section-boxed elementor-section-height-default elementor-section-height-default\" data-id=\"5b735ed\" data-element_type=\"section\">\n\t\t\t\t\t\t<div class=\"elementor-container elementor-column-gap-default\">\n\t\t\t\t\t<div class=\"elementor-column elementor-col-50 elementor-top-column elementor-element elementor-element-2670bde\" data-id=\"2670bde\" data-element_type=\"column\">\n\t\t\t<div class=\"elementor-widget-wrap elementor-element-populated\">\n\t\t\t\t\t\t<div class=\"elementor-element elementor-element-556a44e elementor-widget elementor-widget-wpzoom-elementor-addons-portfolio-showcase\" data-id=\"556a44e\" data-element_type=\"widget\" data-settings=\"{&quot;portfolio_showcase_styles&quot;:&quot;default&quot;}\" data-widget_type=\"wpzoom-elementor-addons-portfolio-showcase.default\">\n\t\t\t\t<div class=\"elementor-widget-container\">\n\t\t\t\t\t<div class=\"portfolio-showcase\"><div class=\"portfolio-showcase-header\"><\/div><!-- \/\/ .portfolio-showcase-header --><div class=\"inner-wrap portfolio_template_clean\">\t\t\t<div \t\t\t\tdata-ajax-items-loading=\"1\"\n\t\t\t\tdata-nonce=\"8127dba547\"\n\t\t\t\tdata-count-nonce=\"590732bdb4\"\n\t\t\t\tdata-items-count=\"1\"\n\t\t\t\tdata-instance=\"{&quot;layout_type&quot;:&quot;narrow&quot;,&quot;col_number&quot;:&quot;1&quot;,&quot;aspect_ratio&quot;:&quot;default&quot;,&quot;background_video&quot;:true,&quot;show_masonry&quot;:false,&quot;show_popup&quot;:true,&quot;show_popup_caption&quot;:true,&quot;show_excerpt&quot;:true,&quot;view_all_btn&quot;:true,&quot;readmore_text&quot;:&quot;Read More&quot;,&quot;enable_director_name&quot;:false,&quot;enable_year&quot;:false,&quot;enable_category&quot;:true,&quot;show_count&quot;:8,&quot;show_categories&quot;:true,&quot;always_play_background_video&quot;:false}\"\n\t\t\t\tclass=\"portfolio-grid  col_no_1\"\n\t\t\t>\n\t\t\t\t            <article id=\"post-7444\" class=\"portfolio_47_item portfolio_59_item portfolio_item post-7444 type-portfolio_item status-publish has-post-thumbnail hentry portfolio-largo portfolio-no-ficcion\">\n            \n                <div class=\"portfolio_item_top_wrap\">\n\n                    \n                        <div class=\"entry-thumbnail-popover\">\n                            <div\n                                class=\"entry-thumbnail-popover-content lightbox_popup_insp popover-content--animated\"\n                                data-show-caption=\"1\">\n                                <!-- start lightbox -->\n                                <a\n                                    class=\"mfp-iframe portfolio-popup-video\"\n                                    href=\"https:\/\/vimeo.com\/777294055\/ddfe025e86\" aria-label=\"Watch Video\"><\/a>\n                                \n                                <span class=\"portfolio_item-title\" style=\"display: none;\">\n                                    <a href=\"https:\/\/www.dosruedasproducciones.com\/en\/project\/ella-se-detiene-a-mirar\/\"\n                                       title=\"Ella se detiene a mirar\">Ella se detiene a mirar<\/a>\n                                <\/span>\n\n                            <\/div>\n                        <\/div>\n\n                        \n                            <img decoding=\"async\" width=\"1800\" height=\"1080\" src=\"https:\/\/www.dosruedasproducciones.com\/wp-content\/uploads\/2022\/01\/ELLA-STILLS-6-1800x1080.jpg\" class=\"attachment-portfolio_item-thumbnail_wide size-portfolio_item-thumbnail_wide wp-post-image\" alt=\"\" \/>\n                        \n                    \n                <\/div>\n\n                <div class=\"clean_skin_wrap_post\">\n\n                    <div class=\"entry-meta\">\n                        <ul>\n                            \n                            \n                                                            <li>\n                                                                                                            <a class=\"portfolio_sub_category\"\n                                           href=\"https:\/\/www.dosruedasproducciones.com\/en\/portfolio\/largo\/\">Feature<\/a>\n                                                                            <a class=\"portfolio_sub_category\"\n                                           href=\"https:\/\/www.dosruedasproducciones.com\/en\/portfolio\/no-ficcion\/\">Non-fiction<\/a>\n                                                                                                 <\/li>\n                                                    <\/ul>\n                    <\/div>\n                    <h3 class=\"portfolio_item-title\"><a href=\"https:\/\/www.dosruedasproducciones.com\/en\/project\/ella-se-detiene-a-mirar\/\" rel=\"bookmark\">Ella se detiene a mirar<\/a><\/h3>                                    <p>\u00c1lvaro Torres Crespo \/ 2025 Playa Azul es el \u00faltimo lugar sobre la tierra. All\u00ed, cada varios a\u00f1os, el mar y el r\u00edo se juntan y suben, arrasando casas y ranchos por igual, solo para retroceder y acomodarse de nuevo un tiempo despu\u00e9s. A\u00fan existe un peque\u00f1o caser\u00edo de pescadores [&hellip;]<\/p>\n                \n                <\/div>\n            <\/article>\n\t\t\t<\/div><!-- \/\/ .portfolio-grid -->\n\n\t\t\t<\/div>\t\t\t\t\n\n\t\t\t\t\n\t\t\n        \n\t\t<\/div><!-- \/\/ .portfolio-showcase -->\t\t\t\t<\/div>\n\t\t\t\t<\/div>\n\t\t\t\t<div class=\"elementor-element elementor-element-2e55ff3 elementor-widget elementor-widget-wpzoom-elementor-addons-portfolio-showcase\" data-id=\"2e55ff3\" data-element_type=\"widget\" data-settings=\"{&quot;portfolio_showcase_styles&quot;:&quot;default&quot;}\" data-widget_type=\"wpzoom-elementor-addons-portfolio-showcase.default\">\n\t\t\t\t<div class=\"elementor-widget-container\">\n\t\t\t\t\t<div class=\"portfolio-showcase\"><div class=\"portfolio-showcase-header\"><\/div><!-- \/\/ .portfolio-showcase-header --><div class=\"inner-wrap portfolio_template_clean\">\t\t\t<div \t\t\t\tdata-ajax-items-loading=\"1\"\n\t\t\t\tdata-nonce=\"8127dba547\"\n\t\t\t\tdata-count-nonce=\"590732bdb4\"\n\t\t\t\tdata-items-count=\"1\"\n\t\t\t\tdata-instance=\"{&quot;layout_type&quot;:&quot;narrow&quot;,&quot;col_number&quot;:&quot;1&quot;,&quot;aspect_ratio&quot;:&quot;default&quot;,&quot;background_video&quot;:true,&quot;show_masonry&quot;:false,&quot;show_popup&quot;:true,&quot;show_popup_caption&quot;:true,&quot;show_excerpt&quot;:true,&quot;view_all_btn&quot;:true,&quot;readmore_text&quot;:&quot;Read More&quot;,&quot;enable_director_name&quot;:false,&quot;enable_year&quot;:false,&quot;enable_category&quot;:true,&quot;show_count&quot;:8,&quot;show_categories&quot;:true,&quot;always_play_background_video&quot;:false}\"\n\t\t\t\tclass=\"portfolio-grid  col_no_1\"\n\t\t\t>\n\t\t\t\t            <article id=\"post-7451\" class=\"portfolio_118_item portfolio_49_item portfolio_58_item portfolio_item post-7451 type-portfolio_item status-publish has-post-thumbnail hentry portfolio-corto portfolio-documental portfolio-narrativo\">\n            \n                <div class=\"portfolio_item_top_wrap\">\n\n                    \n                        <div class=\"entry-thumbnail-popover\">\n                            <div\n                                class=\"entry-thumbnail-popover-content lightbox_popup_insp popover-content--animated\"\n                                data-show-caption=\"1\">\n                                <!-- start lightbox -->\n                                <a\n                                    class=\"mfp-iframe portfolio-popup-video\"\n                                    href=\"https:\/\/vimeo.com\/745519495\/aba7a31d3c\" aria-label=\"Watch Video\"><\/a>\n                                \n                                <span class=\"portfolio_item-title\" style=\"display: none;\">\n                                    <a href=\"https:\/\/www.dosruedasproducciones.com\/en\/project\/artistas-vistos-por-artistas\/\"\n                                       title=\"Artistas vistos por artistas\">Artistas vistos por artistas<\/a>\n                                <\/span>\n\n                            <\/div>\n                        <\/div>\n\n                        \n                            <img decoding=\"async\" width=\"1800\" height=\"540\" src=\"https:\/\/www.dosruedasproducciones.com\/wp-content\/uploads\/2022\/01\/artistas_vistos_por_artistas_thumbnail-e1695088009223-1800x540.jpg\" class=\"attachment-portfolio_item-thumbnail_wide size-portfolio_item-thumbnail_wide wp-post-image\" alt=\"\" \/>\n                        \n                    \n                <\/div>\n\n                <div class=\"clean_skin_wrap_post\">\n\n                    <div class=\"entry-meta\">\n                        <ul>\n                            \n                            \n                                                            <li>\n                                                                                                            <a class=\"portfolio_sub_category\"\n                                           href=\"https:\/\/www.dosruedasproducciones.com\/en\/portfolio\/corto\/\">Shortfilm<\/a>\n                                                                            <a class=\"portfolio_sub_category\"\n                                           href=\"https:\/\/www.dosruedasproducciones.com\/en\/portfolio\/documental\/\">Documentary<\/a>\n                                                                            <a class=\"portfolio_sub_category\"\n                                           href=\"https:\/\/www.dosruedasproducciones.com\/en\/portfolio\/narrativo\/\">Narrative<\/a>\n                                                                                                 <\/li>\n                                                    <\/ul>\n                    <\/div>\n                    <h3 class=\"portfolio_item-title\"><a href=\"https:\/\/www.dosruedasproducciones.com\/en\/project\/artistas-vistos-por-artistas\/\" rel=\"bookmark\">Artistas vistos por artistas<\/a><\/h3>                                    <p>Serie de cortometrajes ficci\u00f3n y documental realizados para el Teatro Nacional.<\/p>\n                \n                <\/div>\n            <\/article>\n\t\t\t<\/div><!-- \/\/ .portfolio-grid -->\n\n\t\t\t<\/div>\t\t\t\t\n\n\t\t\t\t\n\t\t\n        \n\t\t<\/div><!-- \/\/ .portfolio-showcase -->\t\t\t\t<\/div>\n\t\t\t\t<\/div>\n\t\t\t\t\t<\/div>\n\t\t<\/div>\n\t\t\t\t<div class=\"elementor-column elementor-col-50 elementor-top-column elementor-element elementor-element-5bc7164\" data-id=\"5bc7164\" data-element_type=\"column\">\n\t\t\t<div class=\"elementor-widget-wrap elementor-element-populated\">\n\t\t\t\t\t\t<div class=\"elementor-element elementor-element-0f90e2f elementor-widget elementor-widget-wpzoom-elementor-addons-portfolio-showcase\" data-id=\"0f90e2f\" data-element_type=\"widget\" data-settings=\"{&quot;portfolio_showcase_styles&quot;:&quot;default&quot;}\" data-widget_type=\"wpzoom-elementor-addons-portfolio-showcase.default\">\n\t\t\t\t<div class=\"elementor-widget-container\">\n\t\t\t\t\t<div class=\"portfolio-showcase\"><div class=\"portfolio-showcase-header\"><\/div><!-- \/\/ .portfolio-showcase-header --><div class=\"inner-wrap portfolio_template_clean\">\t\t\t<div \t\t\t\tdata-ajax-items-loading=\"1\"\n\t\t\t\tdata-nonce=\"8127dba547\"\n\t\t\t\tdata-count-nonce=\"590732bdb4\"\n\t\t\t\tdata-items-count=\"1\"\n\t\t\t\tdata-instance=\"{&quot;layout_type&quot;:&quot;narrow&quot;,&quot;col_number&quot;:&quot;1&quot;,&quot;aspect_ratio&quot;:&quot;default&quot;,&quot;background_video&quot;:true,&quot;show_masonry&quot;:false,&quot;show_popup&quot;:true,&quot;show_popup_caption&quot;:true,&quot;show_excerpt&quot;:true,&quot;view_all_btn&quot;:true,&quot;readmore_text&quot;:&quot;Read More&quot;,&quot;enable_director_name&quot;:false,&quot;enable_year&quot;:false,&quot;enable_category&quot;:true,&quot;show_count&quot;:4,&quot;show_categories&quot;:true,&quot;always_play_background_video&quot;:false}\"\n\t\t\t\tclass=\"portfolio-grid  portfolio_with_space col_no_1\"\n\t\t\t>\n\t\t\t\t            <article id=\"post-7422\" class=\"is-portfolio-gallery-video-background portfolio_48_item portfolio_47_item portfolio_item post-7422 type-portfolio_item status-publish has-post-thumbnail hentry portfolio-ficcion portfolio-largo\">\n            \n                <div class=\"portfolio_item_top_wrap\">\n\n                    \n                        <div class=\"entry-thumbnail-popover\">\n                            <div\n                                class=\"entry-thumbnail-popover-content lightbox_popup_insp popover-content--animated\"\n                                data-show-caption=\"1\">\n                                <!-- start lightbox -->\n                                <a\n                                    class=\"mfp-iframe portfolio-popup-video\"\n                                    href=\"https:\/\/vimeo.com\/871972356\" aria-label=\"Watch Video\"><\/a>\n                                \n                                <span class=\"portfolio_item-title\" style=\"display: none;\">\n                                    <a href=\"https:\/\/www.dosruedasproducciones.com\/en\/project\/hermoso-el-pajaro\/\"\n                                       title=\"No s\u00f3lo es hermoso el p\u00e1jaro\">No s\u00f3lo es hermoso el p\u00e1jaro<\/a>\n                                <\/span>\n\n                            <\/div>\n                        <\/div>\n\n                                                    <video class=\"portfolio-gallery-video-background\" loop muted playsinline poster=\"https:\/\/www.dosruedasproducciones.com\/wp-content\/uploads\/2022\/01\/NSEHP-featured-1800x1080.jpg\"                                   style=\" width:100%; height:auto;vertical-align: middle; display:block;\">\n                                <source src=\"https:\/\/www.dosruedasproducciones.com\/wp-content\/uploads\/2022\/01\/wpz-9a7b9049-a87a-45d0-a1b3-c8fe3ed39e78-giphy.mp4\"\n                                        type=\"video\/mp4\">\n                            <\/video>\n\n                            <img loading=\"lazy\" decoding=\"async\" width=\"1800\" height=\"1080\" src=\"https:\/\/www.dosruedasproducciones.com\/wp-content\/uploads\/2022\/01\/NSEHP-featured-1800x1080.jpg\" class=\"attachment-portfolio_item-thumbnail_wide size-portfolio_item-thumbnail_wide wp-post-image\" alt=\"\" \/>\n                        \n                    \n                <\/div>\n\n                <div class=\"clean_skin_wrap_post\">\n\n                    <div class=\"entry-meta\">\n                        <ul>\n                            \n                            \n                                                            <li>\n                                                                                                            <a class=\"portfolio_sub_category\"\n                                           href=\"https:\/\/www.dosruedasproducciones.com\/en\/portfolio\/ficcion\/\">Fiction<\/a>\n                                                                            <a class=\"portfolio_sub_category\"\n                                           href=\"https:\/\/www.dosruedasproducciones.com\/en\/portfolio\/largo\/\">Feature<\/a>\n                                                                                                 <\/li>\n                                                    <\/ul>\n                    <\/div>\n                    <h3 class=\"portfolio_item-title\"><a href=\"https:\/\/www.dosruedasproducciones.com\/en\/project\/hermoso-el-pajaro\/\" rel=\"bookmark\">No s\u00f3lo es hermoso el p\u00e1jaro<\/a><\/h3>                                    <p>\u00c1lvaro Torres Crespo \/ 87 min \/ 2023 Juan, un hombre de ciudad, baja de su finca al pueblo en busca de Ignacia, la mujer del cuidador de su finca. El pueblo se transforma en un laberinto, no puede encontrar a Ignacia &#8211; \u00bfsiquiera existe? &#8211; Juan da rienda suelta [&hellip;]<\/p>\n                \n                <\/div>\n            <\/article>\n\t\t\t<\/div><!-- \/\/ .portfolio-grid -->\n\n\t\t\t<\/div>\t\t\t\t\n\n\t\t\t\t\n\t\t\n        \n\t\t<\/div><!-- \/\/ .portfolio-showcase -->\t\t\t\t<\/div>\n\t\t\t\t<\/div>\n\t\t\t\t\t<\/div>\n\t\t<\/div>\n\t\t\t\t\t<\/div>\n\t\t<\/section>\n\t\t\t\t<\/div>","protected":false},"excerpt":{"rendered":"<p>\u00c1lvaro Torres Crespo \u00c1lvaro complet\u00f3 sus estudios de cine en el Northwest Film Center en Portland, Oregon. Obtuvo suMaestr\u00eda en cine y guion de la Universidad de Texas en Austin. Adem\u00e1s, es economista graduado de laUniversidad de Costa Rica (1995-2000) y realiz\u00f3 sus estudios de maestr\u00eda en econom\u00eda tambi\u00e9n en [&hellip;]<\/p>","protected":false},"author":1,"featured_media":0,"parent":0,"menu_order":0,"comment_status":"closed","ping_status":"closed","template":"page-templates\/full-width-no-title.php","meta":{"footnotes":""},"class_list":["post-7423","page","type-page","status-publish","hentry"],"aioseo_notices":[],"_links":{"self":[{"href":"https:\/\/www.dosruedasproducciones.com\/en\/wp-json\/wp\/v2\/pages\/7423","targetHints":{"allow":["GET"]}}],"collection":[{"href":"https:\/\/www.dosruedasproducciones.com\/en\/wp-json\/wp\/v2\/pages"}],"about":[{"href":"https:\/\/www.dosruedasproducciones.com\/en\/wp-json\/wp\/v2\/types\/page"}],"author":[{"embeddable":true,"href":"https:\/\/www.dosruedasproducciones.com\/en\/wp-json\/wp\/v2\/users\/1"}],"replies":[{"embeddable":true,"href":"https:\/\/www.dosruedasproducciones.com\/en\/wp-json\/wp\/v2\/comments?post=7423"}],"version-history":[{"count":28,"href":"https:\/\/www.dosruedasproducciones.com\/en\/wp-json\/wp\/v2\/pages\/7423\/revisions"}],"predecessor-version":[{"id":8220,"href":"https:\/\/www.dosruedasproducciones.com\/en\/wp-json\/wp\/v2\/pages\/7423\/revisions\/8220"}],"wp:attachment":[{"href":"https:\/\/www.dosruedasproducciones.com\/en\/wp-json\/wp\/v2\/media?parent=7423"}],"curies":[{"name":"wp","href":"https:\/\/api.w.org\/{rel}","templated":true}]}}