{"id":7523,"date":"2022-03-04T07:47:14","date_gmt":"2022-03-04T07:47:14","guid":{"rendered":"https:\/\/www.dosruedasproducciones.com\/?page_id=7523"},"modified":"2024-02-21T17:39:42","modified_gmt":"2024-02-21T17:39:42","slug":"braulio-fallas","status":"publish","type":"page","link":"https:\/\/www.dosruedasproducciones.com\/en\/braulio-fallas\/","title":{"rendered":"Braulio Fallas"},"content":{"rendered":"<div data-elementor-type=\"wp-page\" data-elementor-id=\"7523\" class=\"elementor elementor-7523\">\n\t\t\t\t\t\t<section class=\"elementor-section elementor-top-section elementor-element elementor-element-58bfa761 elementor-section-boxed elementor-section-height-default elementor-section-height-default\" data-id=\"58bfa761\" data-element_type=\"section\">\n\t\t\t\t\t\t<div class=\"elementor-container elementor-column-gap-no\">\n\t\t\t\t\t<div class=\"elementor-column elementor-col-50 elementor-top-column elementor-element elementor-element-7b70a2a\" data-id=\"7b70a2a\" data-element_type=\"column\">\n\t\t\t<div class=\"elementor-widget-wrap elementor-element-populated\">\n\t\t\t\t\t\t<div class=\"elementor-element elementor-element-5a05b2c4 elementor-widget elementor-widget-image\" data-id=\"5a05b2c4\" data-element_type=\"widget\" data-widget_type=\"image.default\">\n\t\t\t\t<div class=\"elementor-widget-container\">\n\t\t\t\t\t\t\t\t\t\t\t\t\t\t\t<img fetchpriority=\"high\" decoding=\"async\" width=\"200\" height=\"300\" src=\"https:\/\/www.dosruedasproducciones.com\/wp-content\/uploads\/2023\/11\/DRP_BRAULIO_WEB_2-200x300.jpg\" class=\"attachment-medium size-medium wp-image-7990\" alt=\"\" srcset=\"https:\/\/www.dosruedasproducciones.com\/wp-content\/uploads\/2023\/11\/DRP_BRAULIO_WEB_2-200x300.jpg 200w, https:\/\/www.dosruedasproducciones.com\/wp-content\/uploads\/2023\/11\/DRP_BRAULIO_WEB_2-682x1024.jpg 682w, https:\/\/www.dosruedasproducciones.com\/wp-content\/uploads\/2023\/11\/DRP_BRAULIO_WEB_2-768x1152.jpg 768w, https:\/\/www.dosruedasproducciones.com\/wp-content\/uploads\/2023\/11\/DRP_BRAULIO_WEB_2-1024x1536.jpg 1024w, https:\/\/www.dosruedasproducciones.com\/wp-content\/uploads\/2023\/11\/DRP_BRAULIO_WEB_2-1000x1500.jpg 1000w, https:\/\/www.dosruedasproducciones.com\/wp-content\/uploads\/2023\/11\/DRP_BRAULIO_WEB_2-373x560.jpg 373w, https:\/\/www.dosruedasproducciones.com\/wp-content\/uploads\/2023\/11\/DRP_BRAULIO_WEB_2-600x900.jpg 600w, https:\/\/www.dosruedasproducciones.com\/wp-content\/uploads\/2023\/11\/DRP_BRAULIO_WEB_2.jpg 1333w\" sizes=\"(max-width: 200px) 100vw, 200px\" \/>\t\t\t\t\t\t\t\t\t\t\t\t\t\t\t<\/div>\n\t\t\t\t<\/div>\n\t\t\t\t\t<\/div>\n\t\t<\/div>\n\t\t\t\t<div class=\"elementor-column elementor-col-50 elementor-top-column elementor-element elementor-element-342d00\" data-id=\"342d00\" data-element_type=\"column\">\n\t\t\t<div class=\"elementor-widget-wrap elementor-element-populated\">\n\t\t\t\t\t\t<div class=\"elementor-element elementor-element-67cc4386 elementor-widget elementor-widget-heading\" data-id=\"67cc4386\" data-element_type=\"widget\" data-widget_type=\"heading.default\">\n\t\t\t\t<div class=\"elementor-widget-container\">\n\t\t\t\t\t<h2 class=\"elementor-heading-title elementor-size-default\">Braulio Fallas<\/h2>\t\t\t\t<\/div>\n\t\t\t\t<\/div>\n\t\t\t\t<div class=\"elementor-element elementor-element-6e4c1ccc elementor-widget__width-initial elementor-widget-tablet__width-initial elementor-widget elementor-widget-text-editor\" data-id=\"6e4c1ccc\" data-element_type=\"widget\" data-widget_type=\"text-editor.default\">\n\t\t\t\t<div class=\"elementor-widget-container\">\n\t\t\t\t\t\t\t\t\t<p>Braulio Fallas es un cineasta costarricense que se desempe\u00f1a en la direcci\u00f3n, direcci\u00f3n de fotograf\u00eda y escritura de guion cinematogr\u00e1fico. Su cine explora la relaci\u00f3n entre el ambiente rural y el urbano, las relaciones humanas y los conflictos de la masculinidad y las relaciones familiares. Braulio est\u00e1 interesado en contar historias sensibles y mostrar el viaje interno de personajes complejos.<\/p><p><span data-offset-key=\"432gk-0-0\">Cofundador de la empresa de producci\u00f3n audiovisual <\/span><span data-offset-key=\"432gk-0-1\">Dos Ruedas Producciones<\/span><span data-offset-key=\"432gk-0-2\">. Donde ha trabajado como guionista, director, productor y vide\u00f3grafo para proyectos comerciales y art\u00edsticos.<\/span><\/p>\t\t\t\t\t\t\t\t<\/div>\n\t\t\t\t<\/div>\n\t\t\t\t<div class=\"elementor-element elementor-element-1e333ecf elementor-shape-circle e-grid-align-left elementor-grid-0 elementor-widget elementor-widget-social-icons\" data-id=\"1e333ecf\" data-element_type=\"widget\" data-widget_type=\"social-icons.default\">\n\t\t\t\t<div class=\"elementor-widget-container\">\n\t\t\t\t\t\t\t<div class=\"elementor-social-icons-wrapper elementor-grid\" role=\"list\">\n\t\t\t\t\t\t\t<span class=\"elementor-grid-item\" role=\"listitem\">\n\t\t\t\t\t<a class=\"elementor-icon elementor-social-icon elementor-social-icon-facebook elementor-repeater-item-655f5c2\" href=\"https:\/\/facebook.com\/wpzoom\" target=\"_blank\">\n\t\t\t\t\t\t<span class=\"elementor-screen-only\">Facebook<\/span>\n\t\t\t\t\t\t<i aria-hidden=\"true\" class=\"fab fa-facebook\"><\/i>\t\t\t\t\t<\/a>\n\t\t\t\t<\/span>\n\t\t\t\t\t\t\t<span class=\"elementor-grid-item\" role=\"listitem\">\n\t\t\t\t\t<a class=\"elementor-icon elementor-social-icon elementor-social-icon-instagram elementor-repeater-item-0d897b4\" href=\"https:\/\/twitter.com\/wpzoom\" target=\"_blank\">\n\t\t\t\t\t\t<span class=\"elementor-screen-only\">Instagram<\/span>\n\t\t\t\t\t\t<i aria-hidden=\"true\" class=\"fab fa-instagram\"><\/i>\t\t\t\t\t<\/a>\n\t\t\t\t<\/span>\n\t\t\t\t\t\t\t<span class=\"elementor-grid-item\" role=\"listitem\">\n\t\t\t\t\t<a class=\"elementor-icon elementor-social-icon elementor-social-icon-youtube elementor-repeater-item-9db7946\" href=\"https:\/\/youtube.com\/wpzoom\" target=\"_blank\">\n\t\t\t\t\t\t<span class=\"elementor-screen-only\">Youtube<\/span>\n\t\t\t\t\t\t<i aria-hidden=\"true\" class=\"fab fa-youtube\"><\/i>\t\t\t\t\t<\/a>\n\t\t\t\t<\/span>\n\t\t\t\t\t<\/div>\n\t\t\t\t\t\t<\/div>\n\t\t\t\t<\/div>\n\t\t\t\t\t<\/div>\n\t\t<\/div>\n\t\t\t\t\t<\/div>\n\t\t<\/section>\n\t\t\t\t<section class=\"elementor-section elementor-top-section elementor-element elementor-element-4325f754 elementor-section-boxed elementor-section-height-default elementor-section-height-default\" data-id=\"4325f754\" data-element_type=\"section\">\n\t\t\t\t\t\t<div class=\"elementor-container elementor-column-gap-no\">\n\t\t\t\t\t<div class=\"elementor-column elementor-col-100 elementor-top-column elementor-element elementor-element-6fd57ddf\" data-id=\"6fd57ddf\" data-element_type=\"column\">\n\t\t\t<div class=\"elementor-widget-wrap elementor-element-populated\">\n\t\t\t\t\t\t<div class=\"elementor-element elementor-element-5fdc5785 elementor-widget elementor-widget-heading\" data-id=\"5fdc5785\" data-element_type=\"widget\" data-widget_type=\"heading.default\">\n\t\t\t\t<div class=\"elementor-widget-container\">\n\t\t\t\t\t<h2 class=\"elementor-heading-title elementor-size-default\">Colaboraciones <\/h2>\t\t\t\t<\/div>\n\t\t\t\t<\/div>\n\t\t\t\t\t<\/div>\n\t\t<\/div>\n\t\t\t\t\t<\/div>\n\t\t<\/section>\n\t\t\t\t<section class=\"elementor-section elementor-top-section elementor-element elementor-element-3f1dea9 elementor-section-boxed elementor-section-height-default elementor-section-height-default\" data-id=\"3f1dea9\" data-element_type=\"section\">\n\t\t\t\t\t\t<div class=\"elementor-container elementor-column-gap-default\">\n\t\t\t\t\t<div class=\"elementor-column elementor-col-50 elementor-top-column elementor-element elementor-element-535363e\" data-id=\"535363e\" data-element_type=\"column\">\n\t\t\t<div class=\"elementor-widget-wrap elementor-element-populated\">\n\t\t\t\t\t\t<div class=\"elementor-element elementor-element-ab3cd37 elementor-widget elementor-widget-wpzoom-elementor-addons-portfolio-showcase\" data-id=\"ab3cd37\" data-element_type=\"widget\" data-settings=\"{&quot;portfolio_showcase_styles&quot;:&quot;default&quot;}\" data-widget_type=\"wpzoom-elementor-addons-portfolio-showcase.default\">\n\t\t\t\t<div class=\"elementor-widget-container\">\n\t\t\t\t\t<div class=\"portfolio-showcase\"><div class=\"portfolio-showcase-header\"><\/div><!-- \/\/ .portfolio-showcase-header --><div class=\"inner-wrap portfolio_template_clean\">\t\t\t<div \t\t\t\tdata-ajax-items-loading=\"1\"\n\t\t\t\tdata-nonce=\"8127dba547\"\n\t\t\t\tdata-count-nonce=\"590732bdb4\"\n\t\t\t\tdata-items-count=\"1\"\n\t\t\t\tdata-instance=\"{&quot;layout_type&quot;:&quot;narrow&quot;,&quot;col_number&quot;:&quot;1&quot;,&quot;aspect_ratio&quot;:&quot;default&quot;,&quot;background_video&quot;:true,&quot;show_masonry&quot;:false,&quot;show_popup&quot;:true,&quot;show_popup_caption&quot;:true,&quot;show_excerpt&quot;:true,&quot;view_all_btn&quot;:true,&quot;readmore_text&quot;:&quot;Read More&quot;,&quot;enable_director_name&quot;:false,&quot;enable_year&quot;:false,&quot;enable_category&quot;:true,&quot;show_count&quot;:8,&quot;show_categories&quot;:true,&quot;always_play_background_video&quot;:false}\"\n\t\t\t\tclass=\"portfolio-grid  col_no_1\"\n\t\t\t>\n\t\t\t\t            <article id=\"post-8033\" class=\"portfolio_60_item portfolio_item post-8033 type-portfolio_item status-publish has-post-thumbnail hentry portfolio-videoclip\">\n            \n                <div class=\"portfolio_item_top_wrap\">\n\n                    \n                        <div class=\"entry-thumbnail-popover\">\n                            <div\n                                class=\"entry-thumbnail-popover-content lightbox_popup_insp popover-content--animated\"\n                                data-show-caption=\"1\">\n                                <!-- start lightbox -->\n                                <a\n                                    class=\"mfp-iframe portfolio-popup-video\"\n                                    href=\"https:\/\/www.youtube.com\/watch?v=Wph7SiCg1GE\" aria-label=\"Watch Video\"><\/a>\n                                \n                                <span class=\"portfolio_item-title\" style=\"display: none;\">\n                                    <a href=\"https:\/\/www.dosruedasproducciones.com\/en\/project\/recordando-un-bolero\/\"\n                                       title=\"Recordando un Bolero &#8211; Hashi Duo\">Recordando un Bolero &#8211; Hashi Duo<\/a>\n                                <\/span>\n\n                            <\/div>\n                        <\/div>\n\n                        \n                            <img decoding=\"async\" width=\"1800\" height=\"1080\" src=\"https:\/\/www.dosruedasproducciones.com\/wp-content\/uploads\/2023\/11\/recordando_un_bolero_featured-1800x1080.jpg\" class=\"attachment-portfolio_item-thumbnail_wide size-portfolio_item-thumbnail_wide wp-post-image\" alt=\"\" \/>\n                        \n                    \n                <\/div>\n\n                <div class=\"clean_skin_wrap_post\">\n\n                    <div class=\"entry-meta\">\n                        <ul>\n                            \n                            \n                                                            <li>\n                                                                                                            <a class=\"portfolio_sub_category\"\n                                           href=\"https:\/\/www.dosruedasproducciones.com\/en\/portfolio\/videoclip\/\">Videoclip<\/a>\n                                                                                                 <\/li>\n                                                    <\/ul>\n                    <\/div>\n                    <h3 class=\"portfolio_item-title\"><a href=\"https:\/\/www.dosruedasproducciones.com\/en\/project\/recordando-un-bolero\/\" rel=\"bookmark\">Recordando un Bolero &#8211; Hashi Duo<\/a><\/h3>                                    <p>Hashi Duo formado por Adri\u00e1n Montero y Mo\u00e9 Takamatsu interpretan &#8220;Recordando un bolero&#8221; de Alonso Torres Video oficial publicado en el canal de Youtube de Siccas Guitar Cr\u00e9ditos:<\/p>\n                \n                <\/div>\n            <\/article>\n\t\t\t<\/div><!-- \/\/ .portfolio-grid -->\n\n\t\t\t<\/div>\t\t\t\t\n\n\t\t\t\t\n\t\t\n        \n\t\t<\/div><!-- \/\/ .portfolio-showcase -->\t\t\t\t<\/div>\n\t\t\t\t<\/div>\n\t\t\t\t\t<\/div>\n\t\t<\/div>\n\t\t\t\t<div class=\"elementor-column elementor-col-50 elementor-top-column elementor-element elementor-element-5622aa2\" data-id=\"5622aa2\" data-element_type=\"column\">\n\t\t\t<div class=\"elementor-widget-wrap elementor-element-populated\">\n\t\t\t\t\t\t<div class=\"elementor-element elementor-element-9004fad elementor-widget elementor-widget-wpzoom-elementor-addons-portfolio-showcase\" data-id=\"9004fad\" data-element_type=\"widget\" data-settings=\"{&quot;portfolio_showcase_styles&quot;:&quot;default&quot;}\" data-widget_type=\"wpzoom-elementor-addons-portfolio-showcase.default\">\n\t\t\t\t<div class=\"elementor-widget-container\">\n\t\t\t\t\t<div class=\"portfolio-showcase\"><div class=\"portfolio-showcase-header\"><\/div><!-- \/\/ .portfolio-showcase-header --><div class=\"inner-wrap portfolio_template_clean\">\t\t\t<div \t\t\t\tdata-ajax-items-loading=\"1\"\n\t\t\t\tdata-nonce=\"8127dba547\"\n\t\t\t\tdata-count-nonce=\"590732bdb4\"\n\t\t\t\tdata-items-count=\"1\"\n\t\t\t\tdata-instance=\"{&quot;layout_type&quot;:&quot;narrow&quot;,&quot;col_number&quot;:&quot;1&quot;,&quot;aspect_ratio&quot;:&quot;default&quot;,&quot;background_video&quot;:true,&quot;show_masonry&quot;:false,&quot;show_popup&quot;:true,&quot;show_popup_caption&quot;:true,&quot;show_excerpt&quot;:true,&quot;view_all_btn&quot;:true,&quot;readmore_text&quot;:&quot;Read More&quot;,&quot;enable_director_name&quot;:false,&quot;enable_year&quot;:false,&quot;enable_category&quot;:true,&quot;show_count&quot;:8,&quot;show_categories&quot;:true,&quot;always_play_background_video&quot;:false}\"\n\t\t\t\tclass=\"portfolio-grid  col_no_1\"\n\t\t\t>\n\t\t\t\t            <article id=\"post-7934\" class=\"portfolio_60_item portfolio_item post-7934 type-portfolio_item status-publish has-post-thumbnail hentry portfolio-videoclip\">\n            \n                <div class=\"portfolio_item_top_wrap\">\n\n                    \n                        <div class=\"entry-thumbnail-popover\">\n                            <div\n                                class=\"entry-thumbnail-popover-content lightbox_popup_insp popover-content--animated\"\n                                data-show-caption=\"1\">\n                                <!-- start lightbox -->\n                                <a\n                                    class=\"mfp-iframe portfolio-popup-video\"\n                                    href=\"https:\/\/www.youtube.com\/watch?v=KMXOAXW37Fw\" aria-label=\"Watch Video\"><\/a>\n                                \n                                <span class=\"portfolio_item-title\" style=\"display: none;\">\n                                    <a href=\"https:\/\/www.dosruedasproducciones.com\/en\/project\/partita-para-guitarra-videoclip\/\"\n                                       title=\"Partita para guitarra (Videoclip)\">Partita para guitarra (Videoclip)<\/a>\n                                <\/span>\n\n                            <\/div>\n                        <\/div>\n\n                        \n                            <img decoding=\"async\" width=\"1280\" height=\"720\" src=\"https:\/\/www.dosruedasproducciones.com\/wp-content\/uploads\/2023\/04\/maxresdefault.jpg\" class=\"attachment-portfolio_item-thumbnail_wide size-portfolio_item-thumbnail_wide wp-post-image\" alt=\"\" srcset=\"https:\/\/www.dosruedasproducciones.com\/wp-content\/uploads\/2023\/04\/maxresdefault.jpg 1280w, https:\/\/www.dosruedasproducciones.com\/wp-content\/uploads\/2023\/04\/maxresdefault-300x169.jpg 300w, https:\/\/www.dosruedasproducciones.com\/wp-content\/uploads\/2023\/04\/maxresdefault-1024x576.jpg 1024w, https:\/\/www.dosruedasproducciones.com\/wp-content\/uploads\/2023\/04\/maxresdefault-768x432.jpg 768w, https:\/\/www.dosruedasproducciones.com\/wp-content\/uploads\/2023\/04\/maxresdefault-1000x563.jpg 1000w, https:\/\/www.dosruedasproducciones.com\/wp-content\/uploads\/2023\/04\/maxresdefault-996x560.jpg 996w, https:\/\/www.dosruedasproducciones.com\/wp-content\/uploads\/2023\/04\/maxresdefault-600x338.jpg 600w\" sizes=\"(max-width: 1280px) 100vw, 1280px\" \/>\n                        \n                    \n                <\/div>\n\n                <div class=\"clean_skin_wrap_post\">\n\n                    <div class=\"entry-meta\">\n                        <ul>\n                            \n                            \n                                                            <li>\n                                                                                                            <a class=\"portfolio_sub_category\"\n                                           href=\"https:\/\/www.dosruedasproducciones.com\/en\/portfolio\/videoclip\/\">Videoclip<\/a>\n                                                                                                 <\/li>\n                                                    <\/ul>\n                    <\/div>\n                    <h3 class=\"portfolio_item-title\"><a href=\"https:\/\/www.dosruedasproducciones.com\/en\/project\/partita-para-guitarra-videoclip\/\" rel=\"bookmark\">Partita para guitarra (Videoclip)<\/a><\/h3>                                    <p>Direcci\u00f3n y Fotograf\u00eda: Braulio Fallas Producci\u00f3n: Natalia Quesada Asistencia: Diego Molina Dolly Grip: Luis GarroEdici\u00f3n: Diego Molina y Braulio Fallas<\/p>\n                \n                <\/div>\n            <\/article>\n\t\t\t<\/div><!-- \/\/ .portfolio-grid -->\n\n\t\t\t<\/div>\t\t\t\t\n\n\t\t\t\t\n\t\t\n        \n\t\t<\/div><!-- \/\/ .portfolio-showcase -->\t\t\t\t<\/div>\n\t\t\t\t<\/div>\n\t\t\t\t\t<\/div>\n\t\t<\/div>\n\t\t\t\t\t<\/div>\n\t\t<\/section>\n\t\t\t\t<\/div>","protected":false},"excerpt":{"rendered":"<p>Braulio Fallas Braulio Fallas es un cineasta costarricense que se desempe\u00f1a en la direcci\u00f3n, direcci\u00f3n de fotograf\u00eda y escritura de guion cinematogr\u00e1fico. Su cine explora la relaci\u00f3n entre el ambiente rural y el urbano, las relaciones humanas y los conflictos de la masculinidad y las relaciones familiares. Braulio est\u00e1 interesado [&hellip;]<\/p>","protected":false},"author":1,"featured_media":0,"parent":0,"menu_order":0,"comment_status":"closed","ping_status":"closed","template":"page-templates\/full-width-no-title.php","meta":{"footnotes":""},"class_list":["post-7523","page","type-page","status-publish","hentry"],"aioseo_notices":[],"_links":{"self":[{"href":"https:\/\/www.dosruedasproducciones.com\/en\/wp-json\/wp\/v2\/pages\/7523","targetHints":{"allow":["GET"]}}],"collection":[{"href":"https:\/\/www.dosruedasproducciones.com\/en\/wp-json\/wp\/v2\/pages"}],"about":[{"href":"https:\/\/www.dosruedasproducciones.com\/en\/wp-json\/wp\/v2\/types\/page"}],"author":[{"embeddable":true,"href":"https:\/\/www.dosruedasproducciones.com\/en\/wp-json\/wp\/v2\/users\/1"}],"replies":[{"embeddable":true,"href":"https:\/\/www.dosruedasproducciones.com\/en\/wp-json\/wp\/v2\/comments?post=7523"}],"version-history":[{"count":28,"href":"https:\/\/www.dosruedasproducciones.com\/en\/wp-json\/wp\/v2\/pages\/7523\/revisions"}],"predecessor-version":[{"id":8352,"href":"https:\/\/www.dosruedasproducciones.com\/en\/wp-json\/wp\/v2\/pages\/7523\/revisions\/8352"}],"wp:attachment":[{"href":"https:\/\/www.dosruedasproducciones.com\/en\/wp-json\/wp\/v2\/media?parent=7523"}],"curies":[{"name":"wp","href":"https:\/\/api.w.org\/{rel}","templated":true}]}}