{"id":7825,"date":"2022-06-30T06:15:45","date_gmt":"2022-06-30T06:15:45","guid":{"rendered":"https:\/\/www.dosruedasproducciones.com\/?page_id=7825"},"modified":"2024-02-22T20:56:36","modified_gmt":"2024-02-22T20:56:36","slug":"acerca","status":"publish","type":"page","link":"https:\/\/www.dosruedasproducciones.com\/en\/acerca\/","title":{"rendered":"About"},"content":{"rendered":"<div data-elementor-type=\"wp-page\" data-elementor-id=\"7825\" class=\"elementor elementor-7825\">\n\t\t\t\t\t\t<section class=\"elementor-section elementor-top-section elementor-element elementor-element-50df3b1 elementor-section-boxed elementor-section-height-default elementor-section-height-default\" data-id=\"50df3b1\" data-element_type=\"section\">\n\t\t\t\t\t\t<div class=\"elementor-container elementor-column-gap-default\">\n\t\t\t\t\t<div class=\"elementor-column elementor-col-100 elementor-top-column elementor-element elementor-element-8df9357\" data-id=\"8df9357\" data-element_type=\"column\">\n\t\t\t<div class=\"elementor-widget-wrap\">\n\t\t\t\t\t\t\t<\/div>\n\t\t<\/div>\n\t\t\t\t\t<\/div>\n\t\t<\/section>\n\t\t\t\t<section class=\"elementor-section elementor-top-section elementor-element elementor-element-efc1a14 elementor-section-boxed elementor-section-height-default elementor-section-height-default\" data-id=\"efc1a14\" data-element_type=\"section\">\n\t\t\t\t\t\t<div class=\"elementor-container elementor-column-gap-default\">\n\t\t\t\t\t<div class=\"elementor-column elementor-col-50 elementor-top-column elementor-element elementor-element-683c138\" data-id=\"683c138\" data-element_type=\"column\">\n\t\t\t<div class=\"elementor-widget-wrap elementor-element-populated\">\n\t\t\t\t\t\t<div class=\"elementor-element elementor-element-a48d936 elementor-widget elementor-widget-heading\" data-id=\"a48d936\" data-element_type=\"widget\" data-widget_type=\"heading.default\">\n\t\t\t\t<div class=\"elementor-widget-container\">\n\t\t\t\t\t<h2 class=\"elementor-heading-title elementor-size-default\">Dos Ruedas Producciones is a production house based in Costa Rica with experience in film development and field production, making most of their productions outside the Greater Metropolitan Area.<\/h2>\t\t\t\t<\/div>\n\t\t\t\t<\/div>\n\t\t\t\t<div class=\"elementor-element elementor-element-2c84786 elementor-widget__width-initial elementor-widget elementor-widget-wpzoom-elementor-addons-team-members\" data-id=\"2c84786\" data-element_type=\"widget\" data-widget_type=\"wpzoom-elementor-addons-team-members.default\">\n\t\t\t\t<div class=\"elementor-widget-container\">\n\t\t\t\t\t\n\t\t\t\t\t<figure class=\"wpz-member-figure\">\n\t\t\t\t<img fetchpriority=\"high\" decoding=\"async\" width=\"682\" height=\"1024\" src=\"https:\/\/www.dosruedasproducciones.com\/wp-content\/uploads\/2023\/11\/DRP_BRAULIO_WEB_2-682x1024.jpg\" class=\"elementor-animation-disable-animation attachment-large size-large wp-image-7990\" alt=\"\" srcset=\"https:\/\/www.dosruedasproducciones.com\/wp-content\/uploads\/2023\/11\/DRP_BRAULIO_WEB_2-682x1024.jpg 682w, https:\/\/www.dosruedasproducciones.com\/wp-content\/uploads\/2023\/11\/DRP_BRAULIO_WEB_2-200x300.jpg 200w, https:\/\/www.dosruedasproducciones.com\/wp-content\/uploads\/2023\/11\/DRP_BRAULIO_WEB_2-768x1152.jpg 768w, https:\/\/www.dosruedasproducciones.com\/wp-content\/uploads\/2023\/11\/DRP_BRAULIO_WEB_2-1024x1536.jpg 1024w, https:\/\/www.dosruedasproducciones.com\/wp-content\/uploads\/2023\/11\/DRP_BRAULIO_WEB_2-1000x1500.jpg 1000w, https:\/\/www.dosruedasproducciones.com\/wp-content\/uploads\/2023\/11\/DRP_BRAULIO_WEB_2-373x560.jpg 373w, https:\/\/www.dosruedasproducciones.com\/wp-content\/uploads\/2023\/11\/DRP_BRAULIO_WEB_2-600x900.jpg 600w, https:\/\/www.dosruedasproducciones.com\/wp-content\/uploads\/2023\/11\/DRP_BRAULIO_WEB_2.jpg 1333w\" sizes=\"(max-width: 682px) 100vw, 682px\" \/>\t\t\t<\/figure>\n\t\t\n\t\t<div class=\"wpz-member-body\">\n\t\t\t<h2 class=\"wpz-member-name\">Braulio Fallas Ortiz<\/h2>\n\t\t\t\t\t\t\t<div class=\"wpz-member-position\">Director \/ Screenwriter \/ Director of Photography<\/div>\n\t\t\t\n\t\t\t\t\t\t\t<div class=\"wpz-member-bio\">\n\t\t\t\t\t<p>Braulio Fallas is a Costa Rican filmmaker who works as a director, cinematographer, and screenwriter. His films explore the relationship between rural and urban landscapes, human relationships, conflicts of masculinity, and family relationships. Braulio is interested in telling sensitive stories and showing the inner journey of complex characters.<br><br>Winner of the 2023 Amando C\u00e9spedes Mar\u00edn National Award for Best Production for his work on the fiction feature film \u201cNot only the bird is beautiful\u201d, directed by \u00c1lvaro Torres Crespo. His work as a director of photography has been shown at BSFF in Belgium and in the official selection of the Shnit and CRFIC festivals in Costa Rica. <br><br>As a director and screenwriter, he is currently working on the development of his first feature film <i>\"Hijo natural<\/i>\".<\/p>\n\t\t\t\t<\/div>\n\t\t\t\n\t\t\t\n\t\t\t\t\t\t\t<div class=\"wpz-member-links\">\n\t\t\t\t\t<a target=\"_blank\" rel=\"noopener\" href=\"https:\/\/www.instagram.com\/brauliofallas\/\" class=\"elementor-repeater-item-e6e9346\"><i class=\"fa-instagram fab\" aria-hidden=\"true\"><\/i><\/a><a target=\"_blank\" rel=\"noopener\" href=\"https:\/\/www.linkedin.com\/in\/braulio-fallas\/\" class=\"elementor-repeater-item-d793ba1\"><i class=\"fa-linkedin fab\" aria-hidden=\"true\"><\/i><\/a>\t\t\t\t<\/div>\n\t\t\t\n\t\t\t\t\t<\/div>\n\t\t\t\t\t\t<\/div>\n\t\t\t\t<\/div>\n\t\t\t\t\t<\/div>\n\t\t<\/div>\n\t\t\t\t<div class=\"elementor-column elementor-col-50 elementor-top-column elementor-element elementor-element-f1c8ece\" data-id=\"f1c8ece\" data-element_type=\"column\">\n\t\t\t<div class=\"elementor-widget-wrap elementor-element-populated\">\n\t\t\t\t\t\t<div class=\"elementor-element elementor-element-ffae311 elementor-widget elementor-widget-wpzoom-elementor-addons-team-members\" data-id=\"ffae311\" data-element_type=\"widget\" data-widget_type=\"wpzoom-elementor-addons-team-members.default\">\n\t\t\t\t<div class=\"elementor-widget-container\">\n\t\t\t\t\t\n\t\t\t\t\t<figure class=\"wpz-member-figure\">\n\t\t\t\t<img decoding=\"async\" width=\"682\" height=\"1024\" src=\"https:\/\/www.dosruedasproducciones.com\/wp-content\/uploads\/2023\/11\/DRP_NATI_WEB_1-682x1024.jpg\" class=\"elementor-animation-disable-animation attachment-large size-large wp-image-7991\" alt=\"\" srcset=\"https:\/\/www.dosruedasproducciones.com\/wp-content\/uploads\/2023\/11\/DRP_NATI_WEB_1-682x1024.jpg 682w, https:\/\/www.dosruedasproducciones.com\/wp-content\/uploads\/2023\/11\/DRP_NATI_WEB_1-200x300.jpg 200w, https:\/\/www.dosruedasproducciones.com\/wp-content\/uploads\/2023\/11\/DRP_NATI_WEB_1-768x1152.jpg 768w, https:\/\/www.dosruedasproducciones.com\/wp-content\/uploads\/2023\/11\/DRP_NATI_WEB_1-1024x1536.jpg 1024w, https:\/\/www.dosruedasproducciones.com\/wp-content\/uploads\/2023\/11\/DRP_NATI_WEB_1-1000x1500.jpg 1000w, https:\/\/www.dosruedasproducciones.com\/wp-content\/uploads\/2023\/11\/DRP_NATI_WEB_1-373x560.jpg 373w, https:\/\/www.dosruedasproducciones.com\/wp-content\/uploads\/2023\/11\/DRP_NATI_WEB_1-600x900.jpg 600w, https:\/\/www.dosruedasproducciones.com\/wp-content\/uploads\/2023\/11\/DRP_NATI_WEB_1.jpg 1333w\" sizes=\"(max-width: 682px) 100vw, 682px\" \/>\t\t\t<\/figure>\n\t\t\n\t\t<div class=\"wpz-member-body\">\n\t\t\t<h2 class=\"wpz-member-name\">Natalia Quesada Amador<\/h2>\n\t\t\t\t\t\t\t<div class=\"wpz-member-position\">Producer \/ Line Producer \/ Assistant Director<\/div>\n\t\t\t\n\t\t\t\t\t\t\t<div class=\"wpz-member-bio\">\n\t\t\t\t\t<p>Natalia is a graduate of the Film and Television School at Veritas University. Winner of the 2023 Amando C\u00e9spedes Mar\u00edn National Award for Best Production for her work on the fiction feature film \u201cNot only the bird is beautiful\u201d, directed by \u00c1lvaro Torres Crespo. The feature film was premiered at the 47th Mostra Internacional de Cinema de S\u00e3o Paulo in 2023. <br><br>He has produced short films such as \u201cInstinto\u201d, by Esteban Garita, shown at BSFF in Belgium; \u201cErizo\u201d, by David Loynaz, selected for the official CRFIC competition and \u201cAdresses\u201d (2022) by Mar\u00eda Luisa Santos and Carlo Nasisse, screened at numerous festivals such as Slamdance, Tampere Film Festival, Guanajuato (GIFF), winner of the award for best documentary short from the San Francisco International Film Festival and acquired by The New Yorker. <\/p>\n\t\t\t\t<\/div>\n\t\t\t\n\t\t\t\n\t\t\t\t\t\t\t<div class=\"wpz-member-links\">\n\t\t\t\t\t<a target=\"_blank\" rel=\"noopener\" href=\"https:\/\/www.instagram.com\/natiq_amador\/\" class=\"elementor-repeater-item-634136a\"><i class=\"fa-instagram fab\" aria-hidden=\"true\"><\/i><\/a><a target=\"_blank\" rel=\"noopener\" href=\"https:\/\/www.linkedin.com\/in\/natalia-quesada-amador\/\" class=\"elementor-repeater-item-ccfc442\"><i class=\"fa-linkedin fab\" aria-hidden=\"true\"><\/i><\/a>\t\t\t\t<\/div>\n\t\t\t\n\t\t\t\t\t<\/div>\n\t\t\t\t\t\t<\/div>\n\t\t\t\t<\/div>\n\t\t\t\t\t<\/div>\n\t\t<\/div>\n\t\t\t\t\t<\/div>\n\t\t<\/section>\n\t\t\t\t<section class=\"elementor-section elementor-top-section elementor-element elementor-element-0f65eda elementor-section-boxed elementor-section-height-default elementor-section-height-default\" data-id=\"0f65eda\" data-element_type=\"section\">\n\t\t\t\t\t\t<div class=\"elementor-container elementor-column-gap-default\">\n\t\t\t\t\t<div class=\"elementor-column elementor-col-100 elementor-top-column elementor-element elementor-element-c34e2e8\" data-id=\"c34e2e8\" data-element_type=\"column\">\n\t\t\t<div class=\"elementor-widget-wrap\">\n\t\t\t\t\t\t\t<\/div>\n\t\t<\/div>\n\t\t\t\t\t<\/div>\n\t\t<\/section>\n\t\t\t\t<\/div>","protected":false},"excerpt":{"rendered":"<p>Dos Ruedas Producciones es una casa productora basada en Costa Rica con una amplia experiencia en desarrollo y producci\u00f3n en locaci\u00f3n, realizando gran parte de sus producciones fuera del Gran \u00c1rea Metropolitana. Braulio Fallas Ortiz Director \/ Guionista \/ Director de Fotograf\u00eda Braulio Fallas es un cineasta costarricense que se [&hellip;]<\/p>","protected":false},"author":1,"featured_media":0,"parent":0,"menu_order":0,"comment_status":"closed","ping_status":"closed","template":"page-templates\/full-width-no-title.php","meta":{"footnotes":""},"class_list":["post-7825","page","type-page","status-publish","hentry"],"aioseo_notices":[],"_links":{"self":[{"href":"https:\/\/www.dosruedasproducciones.com\/en\/wp-json\/wp\/v2\/pages\/7825","targetHints":{"allow":["GET"]}}],"collection":[{"href":"https:\/\/www.dosruedasproducciones.com\/en\/wp-json\/wp\/v2\/pages"}],"about":[{"href":"https:\/\/www.dosruedasproducciones.com\/en\/wp-json\/wp\/v2\/types\/page"}],"author":[{"embeddable":true,"href":"https:\/\/www.dosruedasproducciones.com\/en\/wp-json\/wp\/v2\/users\/1"}],"replies":[{"embeddable":true,"href":"https:\/\/www.dosruedasproducciones.com\/en\/wp-json\/wp\/v2\/comments?post=7825"}],"version-history":[{"count":44,"href":"https:\/\/www.dosruedasproducciones.com\/en\/wp-json\/wp\/v2\/pages\/7825\/revisions"}],"predecessor-version":[{"id":8510,"href":"https:\/\/www.dosruedasproducciones.com\/en\/wp-json\/wp\/v2\/pages\/7825\/revisions\/8510"}],"wp:attachment":[{"href":"https:\/\/www.dosruedasproducciones.com\/en\/wp-json\/wp\/v2\/media?parent=7825"}],"curies":[{"name":"wp","href":"https:\/\/api.w.org\/{rel}","templated":true}]}}