{"id":7904,"date":"2023-04-16T23:28:46","date_gmt":"2023-04-16T23:28:46","guid":{"rendered":"https:\/\/www.dosruedasproducciones.com\/?page_id=7904"},"modified":"2024-02-21T02:05:35","modified_gmt":"2024-02-21T02:05:35","slug":"diego-molina","status":"publish","type":"page","link":"https:\/\/www.dosruedasproducciones.com\/en\/diego-molina\/","title":{"rendered":"Diego Molina"},"content":{"rendered":"<div data-elementor-type=\"wp-page\" data-elementor-id=\"7904\" class=\"elementor elementor-7904\">\n\t\t\t\t\t\t<section class=\"elementor-section elementor-top-section elementor-element elementor-element-270b88d elementor-section-boxed elementor-section-height-default elementor-section-height-default\" data-id=\"270b88d\" data-element_type=\"section\">\n\t\t\t\t\t\t<div class=\"elementor-container elementor-column-gap-no\">\n\t\t\t\t\t<div class=\"elementor-column elementor-col-50 elementor-top-column elementor-element elementor-element-7c48e95c\" data-id=\"7c48e95c\" data-element_type=\"column\">\n\t\t\t<div class=\"elementor-widget-wrap elementor-element-populated\">\n\t\t\t\t\t\t<div class=\"elementor-element elementor-element-173b6b56 elementor-widget elementor-widget-image\" data-id=\"173b6b56\" data-element_type=\"widget\" data-widget_type=\"image.default\">\n\t\t\t\t<div class=\"elementor-widget-container\">\n\t\t\t\t\t\t\t\t\t\t\t\t\t\t\t<img fetchpriority=\"high\" decoding=\"async\" width=\"228\" height=\"300\" src=\"https:\/\/www.dosruedasproducciones.com\/wp-content\/uploads\/2023\/04\/diego-molina-headshot-1-228x300.jpg\" class=\"attachment-medium size-medium wp-image-7906\" alt=\"\" srcset=\"https:\/\/www.dosruedasproducciones.com\/wp-content\/uploads\/2023\/04\/diego-molina-headshot-1-228x300.jpg 228w, https:\/\/www.dosruedasproducciones.com\/wp-content\/uploads\/2023\/04\/diego-molina-headshot-1-768x1011.jpg 768w, https:\/\/www.dosruedasproducciones.com\/wp-content\/uploads\/2023\/04\/diego-molina-headshot-1-425x560.jpg 425w, https:\/\/www.dosruedasproducciones.com\/wp-content\/uploads\/2023\/04\/diego-molina-headshot-1-600x790.jpg 600w, https:\/\/www.dosruedasproducciones.com\/wp-content\/uploads\/2023\/04\/diego-molina-headshot-1.jpg 778w\" sizes=\"(max-width: 228px) 100vw, 228px\" \/>\t\t\t\t\t\t\t\t\t\t\t\t\t\t\t<\/div>\n\t\t\t\t<\/div>\n\t\t\t\t\t<\/div>\n\t\t<\/div>\n\t\t\t\t<div class=\"elementor-column elementor-col-50 elementor-top-column elementor-element elementor-element-64ecaf5e\" data-id=\"64ecaf5e\" data-element_type=\"column\">\n\t\t\t<div class=\"elementor-widget-wrap elementor-element-populated\">\n\t\t\t\t\t\t<div class=\"elementor-element elementor-element-59393114 elementor-widget elementor-widget-heading\" data-id=\"59393114\" data-element_type=\"widget\" data-widget_type=\"heading.default\">\n\t\t\t\t<div class=\"elementor-widget-container\">\n\t\t\t\t\t<h2 class=\"elementor-heading-title elementor-size-default\">Diego Molina Solano<\/h2>\t\t\t\t<\/div>\n\t\t\t\t<\/div>\n\t\t\t\t<div class=\"elementor-element elementor-element-c1c4425 elementor-widget__width-initial elementor-widget-tablet__width-initial elementor-widget elementor-widget-text-editor\" data-id=\"c1c4425\" data-element_type=\"widget\" data-widget_type=\"text-editor.default\">\n\t\t\t\t<div class=\"elementor-widget-container\">\n\t\t\t\t\t\t\t\t\t<p>Diego Molina es un director y montajista interesado en la exploraci\u00f3n y la m\u00edstica del lenguaje cinematogr\u00e1fico. Egresado de Licenciatura en Cine y Televisi\u00f3n en la Universidad Veritas, con \u00e9nfasis en montaje, recibi\u00f3 tesis de honor con su proyecto: La \u201cDevoci\u00f3n\u201d como herramienta Favorecedora en el Montaje. Montajista del cortometraje de docuficci\u00f3n Los Gigantes dirigido por Jurgen Ure\u00f1a, en el cual trabaj\u00f3 en conjunto con Ariadna Ribas. Particip\u00f3 como montajista en el cortometraje de ficci\u00f3n Cabra y Madre, seleccionado por el CRFIC. Actualmente trabaja como montador en proyectos de ficci\u00f3n y documental.<\/p><div>\u00a0<\/div>\t\t\t\t\t\t\t\t<\/div>\n\t\t\t\t<\/div>\n\t\t\t\t<div class=\"elementor-element elementor-element-d22fe09 elementor-shape-circle e-grid-align-left elementor-grid-0 elementor-widget elementor-widget-social-icons\" data-id=\"d22fe09\" data-element_type=\"widget\" data-widget_type=\"social-icons.default\">\n\t\t\t\t<div class=\"elementor-widget-container\">\n\t\t\t\t\t\t\t<div class=\"elementor-social-icons-wrapper elementor-grid\" role=\"list\">\n\t\t\t\t\t\t\t<span class=\"elementor-grid-item\" role=\"listitem\">\n\t\t\t\t\t<a class=\"elementor-icon elementor-social-icon elementor-social-icon-instagram elementor-repeater-item-0d897b4\" href=\"https:\/\/www.instagram.com\/atorrescrespo\/\" target=\"_blank\">\n\t\t\t\t\t\t<span class=\"elementor-screen-only\">Instagram<\/span>\n\t\t\t\t\t\t<i aria-hidden=\"true\" class=\"fab fa-instagram\"><\/i>\t\t\t\t\t<\/a>\n\t\t\t\t<\/span>\n\t\t\t\t\t\t\t<span class=\"elementor-grid-item\" role=\"listitem\">\n\t\t\t\t\t<a class=\"elementor-icon elementor-social-icon elementor-social-icon-vimeo elementor-repeater-item-9db7946\" href=\"https:\/\/vimeo.com\/torrescrespo\" target=\"_blank\">\n\t\t\t\t\t\t<span class=\"elementor-screen-only\">Vimeo<\/span>\n\t\t\t\t\t\t<i aria-hidden=\"true\" class=\"fab fa-vimeo\"><\/i>\t\t\t\t\t<\/a>\n\t\t\t\t<\/span>\n\t\t\t\t\t<\/div>\n\t\t\t\t\t\t<\/div>\n\t\t\t\t<\/div>\n\t\t\t\t\t<\/div>\n\t\t<\/div>\n\t\t\t\t\t<\/div>\n\t\t<\/section>\n\t\t\t\t<section class=\"elementor-section elementor-top-section elementor-element elementor-element-15ad9978 elementor-section-boxed elementor-section-height-default elementor-section-height-default\" data-id=\"15ad9978\" data-element_type=\"section\">\n\t\t\t\t\t\t<div class=\"elementor-container elementor-column-gap-no\">\n\t\t\t\t\t<div class=\"elementor-column elementor-col-100 elementor-top-column elementor-element elementor-element-2789319a\" data-id=\"2789319a\" data-element_type=\"column\">\n\t\t\t<div class=\"elementor-widget-wrap elementor-element-populated\">\n\t\t\t\t\t\t<div class=\"elementor-element elementor-element-51d7e878 elementor-widget elementor-widget-heading\" data-id=\"51d7e878\" data-element_type=\"widget\" data-widget_type=\"heading.default\">\n\t\t\t\t<div class=\"elementor-widget-container\">\n\t\t\t\t\t<h2 class=\"elementor-heading-title elementor-size-default\">Colaboraciones <\/h2>\t\t\t\t<\/div>\n\t\t\t\t<\/div>\n\t\t\t\t\t<\/div>\n\t\t<\/div>\n\t\t\t\t\t<\/div>\n\t\t<\/section>\n\t\t\t\t<section class=\"elementor-section elementor-top-section elementor-element elementor-element-5b735ed elementor-section-boxed elementor-section-height-default elementor-section-height-default\" data-id=\"5b735ed\" data-element_type=\"section\">\n\t\t\t\t\t\t<div class=\"elementor-container elementor-column-gap-default\">\n\t\t\t\t\t<div class=\"elementor-column elementor-col-50 elementor-top-column elementor-element elementor-element-2670bde\" data-id=\"2670bde\" data-element_type=\"column\">\n\t\t\t<div class=\"elementor-widget-wrap elementor-element-populated\">\n\t\t\t\t\t\t<div class=\"elementor-element elementor-element-0f90e2f elementor-widget elementor-widget-wpzoom-elementor-addons-portfolio-showcase\" data-id=\"0f90e2f\" data-element_type=\"widget\" data-settings=\"{&quot;portfolio_showcase_styles&quot;:&quot;default&quot;}\" data-widget_type=\"wpzoom-elementor-addons-portfolio-showcase.default\">\n\t\t\t\t<div class=\"elementor-widget-container\">\n\t\t\t\t\t<div class=\"portfolio-showcase\"><div class=\"portfolio-showcase-header\"><\/div><!-- \/\/ .portfolio-showcase-header --><div class=\"inner-wrap portfolio_template_clean\">\t\t\t<div \t\t\t\tdata-ajax-items-loading=\"1\"\n\t\t\t\tdata-nonce=\"8127dba547\"\n\t\t\t\tdata-count-nonce=\"590732bdb4\"\n\t\t\t\tdata-items-count=\"1\"\n\t\t\t\tdata-instance=\"{&quot;layout_type&quot;:&quot;narrow&quot;,&quot;col_number&quot;:&quot;1&quot;,&quot;aspect_ratio&quot;:&quot;default&quot;,&quot;background_video&quot;:true,&quot;show_masonry&quot;:false,&quot;show_popup&quot;:true,&quot;show_popup_caption&quot;:true,&quot;show_excerpt&quot;:true,&quot;view_all_btn&quot;:true,&quot;readmore_text&quot;:&quot;Read More&quot;,&quot;enable_director_name&quot;:false,&quot;enable_year&quot;:false,&quot;enable_category&quot;:true,&quot;show_count&quot;:4,&quot;show_categories&quot;:true,&quot;always_play_background_video&quot;:false}\"\n\t\t\t\tclass=\"portfolio-grid  portfolio_with_space col_no_1\"\n\t\t\t>\n\t\t\t\t            <article id=\"post-7894\" class=\"is-portfolio-gallery-video-background portfolio_118_item portfolio_48_item portfolio_item post-7894 type-portfolio_item status-publish has-post-thumbnail hentry portfolio-corto portfolio-ficcion\">\n            \n                <div class=\"portfolio_item_top_wrap\">\n\n                    \n                        <div class=\"entry-thumbnail-popover\">\n                            <div\n                                class=\"entry-thumbnail-popover-content lightbox_popup_insp popover-content--animated\"\n                                data-show-caption=\"1\">\n                                <!-- start lightbox -->\n                                <a\n                                    class=\"mfp-iframe portfolio-popup-video\"\n                                    href=\"https:\/\/vimeo.com\/786152804\" aria-label=\"Watch Video\"><\/a>\n                                \n                                <span class=\"portfolio_item-title\" style=\"display: none;\">\n                                    <a href=\"https:\/\/www.dosruedasproducciones.com\/en\/project\/adonde-te-escondiste\/\"\n                                       title=\"\u00bfAd\u00f3nde te escondiste?\">\u00bfAd\u00f3nde te escondiste?<\/a>\n                                <\/span>\n\n                            <\/div>\n                        <\/div>\n\n                                                    <video class=\"portfolio-gallery-video-background\" loop muted playsinline poster=\"https:\/\/www.dosruedasproducciones.com\/wp-content\/uploads\/2023\/04\/adonde_stills_007_thumbnail_compress.jpg\"                                   style=\" width:100%; height:auto;vertical-align: middle; display:block;\">\n                                <source src=\"https:\/\/www.dosruedasproducciones.com\/wp-content\/uploads\/2023\/04\/wpz-29feda04-01f7-48fa-92d0-1ce8f3a8a52f-giphy.mp4\"\n                                        type=\"video\/mp4\">\n                            <\/video>\n\n                            <img decoding=\"async\" width=\"1280\" height=\"720\" src=\"https:\/\/www.dosruedasproducciones.com\/wp-content\/uploads\/2023\/04\/adonde_stills_007_thumbnail_compress.jpg\" class=\"attachment-portfolio_item-thumbnail_wide size-portfolio_item-thumbnail_wide wp-post-image\" alt=\"\" srcset=\"https:\/\/www.dosruedasproducciones.com\/wp-content\/uploads\/2023\/04\/adonde_stills_007_thumbnail_compress.jpg 1280w, https:\/\/www.dosruedasproducciones.com\/wp-content\/uploads\/2023\/04\/adonde_stills_007_thumbnail_compress-300x169.jpg 300w, https:\/\/www.dosruedasproducciones.com\/wp-content\/uploads\/2023\/04\/adonde_stills_007_thumbnail_compress-1024x576.jpg 1024w, https:\/\/www.dosruedasproducciones.com\/wp-content\/uploads\/2023\/04\/adonde_stills_007_thumbnail_compress-768x432.jpg 768w, https:\/\/www.dosruedasproducciones.com\/wp-content\/uploads\/2023\/04\/adonde_stills_007_thumbnail_compress-1000x563.jpg 1000w, https:\/\/www.dosruedasproducciones.com\/wp-content\/uploads\/2023\/04\/adonde_stills_007_thumbnail_compress-996x560.jpg 996w, https:\/\/www.dosruedasproducciones.com\/wp-content\/uploads\/2023\/04\/adonde_stills_007_thumbnail_compress-600x338.jpg 600w\" sizes=\"(max-width: 1280px) 100vw, 1280px\" \/>\n                        \n                    \n                <\/div>\n\n                <div class=\"clean_skin_wrap_post\">\n\n                    <div class=\"entry-meta\">\n                        <ul>\n                            \n                            \n                                                            <li>\n                                                                                                            <a class=\"portfolio_sub_category\"\n                                           href=\"https:\/\/www.dosruedasproducciones.com\/en\/portfolio\/corto\/\">Shortfilm<\/a>\n                                                                            <a class=\"portfolio_sub_category\"\n                                           href=\"https:\/\/www.dosruedasproducciones.com\/en\/portfolio\/ficcion\/\">Fiction<\/a>\n                                                                                                 <\/li>\n                                                    <\/ul>\n                    <\/div>\n                    <h3 class=\"portfolio_item-title\"><a href=\"https:\/\/www.dosruedasproducciones.com\/en\/project\/adonde-te-escondiste\/\" rel=\"bookmark\">\u00bfAd\u00f3nde te escondiste?<\/a><\/h3>                                    <p>Isa\u00edas recibe la visita de un \u00e1ngel durante una siesta, este queda profundamente enamorado y busca la oportunidad de volver a contemplar su figura amada. Vemos su vida minuto a minuto intentando lidiar con esta situaci\u00f3n con peque\u00f1as acciones y movimientos, su manera de estar en el mundo. Interpreta &#8211; [&hellip;]<\/p>\n                \n                <\/div>\n            <\/article>\n\t\t\t<\/div><!-- \/\/ .portfolio-grid -->\n\n\t\t\t<\/div>\t\t\t\t\n\n\t\t\t\t\n\t\t\n        \n\t\t<\/div><!-- \/\/ .portfolio-showcase -->\t\t\t\t<\/div>\n\t\t\t\t<\/div>\n\t\t\t\t\t<\/div>\n\t\t<\/div>\n\t\t\t\t<div class=\"elementor-column elementor-col-50 elementor-top-column elementor-element elementor-element-5bc7164\" data-id=\"5bc7164\" data-element_type=\"column\">\n\t\t\t<div class=\"elementor-widget-wrap elementor-element-populated\">\n\t\t\t\t\t\t<div class=\"elementor-element elementor-element-b0c0241 elementor-widget elementor-widget-wpzoom-elementor-addons-portfolio-showcase\" data-id=\"b0c0241\" data-element_type=\"widget\" data-settings=\"{&quot;portfolio_showcase_styles&quot;:&quot;default&quot;}\" data-widget_type=\"wpzoom-elementor-addons-portfolio-showcase.default\">\n\t\t\t\t<div class=\"elementor-widget-container\">\n\t\t\t\t\t<div class=\"portfolio-showcase\"><div class=\"portfolio-showcase-header\"><\/div><!-- \/\/ .portfolio-showcase-header --><div class=\"inner-wrap portfolio_template_clean\">\t\t\t<div \t\t\t\tdata-ajax-items-loading=\"1\"\n\t\t\t\tdata-nonce=\"8127dba547\"\n\t\t\t\tdata-count-nonce=\"590732bdb4\"\n\t\t\t\tdata-items-count=\"1\"\n\t\t\t\tdata-instance=\"{&quot;layout_type&quot;:&quot;narrow&quot;,&quot;col_number&quot;:&quot;1&quot;,&quot;aspect_ratio&quot;:&quot;default&quot;,&quot;background_video&quot;:true,&quot;show_masonry&quot;:false,&quot;show_popup&quot;:true,&quot;show_popup_caption&quot;:true,&quot;show_excerpt&quot;:true,&quot;view_all_btn&quot;:true,&quot;readmore_text&quot;:&quot;Read More&quot;,&quot;enable_director_name&quot;:false,&quot;enable_year&quot;:false,&quot;enable_category&quot;:true,&quot;show_count&quot;:4,&quot;show_categories&quot;:true,&quot;always_play_background_video&quot;:false}\"\n\t\t\t\tclass=\"portfolio-grid  portfolio_with_space col_no_1\"\n\t\t\t>\n\t\t\t\t            <article id=\"post-7899\" class=\"portfolio_53_item portfolio_51_item portfolio_49_item portfolio_item post-7899 type-portfolio_item status-publish has-post-thumbnail hentry portfolio-contenido-de-marca portfolio-corporativo portfolio-documental\">\n            \n                <div class=\"portfolio_item_top_wrap\">\n\n                    \n                        <div class=\"entry-thumbnail-popover\">\n                            <div\n                                class=\"entry-thumbnail-popover-content lightbox_popup_insp popover-content--animated\"\n                                data-show-caption=\"1\">\n                                <!-- start lightbox -->\n                                <a\n                                    class=\"mfp-iframe portfolio-popup-video\"\n                                    href=\"https:\/\/vimeo.com\/807744098\/6ebb8281a9?\" aria-label=\"Watch Video\"><\/a>\n                                \n                                <span class=\"portfolio_item-title\" style=\"display: none;\">\n                                    <a href=\"https:\/\/www.dosruedasproducciones.com\/en\/project\/10-aniversario-teisa\/\"\n                                       title=\"10\u00b0 Aniversario &#8211; TEISA\">10\u00b0 Aniversario &#8211; TEISA<\/a>\n                                <\/span>\n\n                            <\/div>\n                        <\/div>\n\n                        \n                            <img decoding=\"async\" width=\"1280\" height=\"720\" src=\"https:\/\/www.dosruedasproducciones.com\/wp-content\/uploads\/2023\/04\/teisa_10_aniversario_thumbnail.jpg\" class=\"attachment-portfolio_item-thumbnail_wide size-portfolio_item-thumbnail_wide wp-post-image\" alt=\"\" srcset=\"https:\/\/www.dosruedasproducciones.com\/wp-content\/uploads\/2023\/04\/teisa_10_aniversario_thumbnail.jpg 1280w, https:\/\/www.dosruedasproducciones.com\/wp-content\/uploads\/2023\/04\/teisa_10_aniversario_thumbnail-300x169.jpg 300w, https:\/\/www.dosruedasproducciones.com\/wp-content\/uploads\/2023\/04\/teisa_10_aniversario_thumbnail-1024x576.jpg 1024w, https:\/\/www.dosruedasproducciones.com\/wp-content\/uploads\/2023\/04\/teisa_10_aniversario_thumbnail-768x432.jpg 768w, https:\/\/www.dosruedasproducciones.com\/wp-content\/uploads\/2023\/04\/teisa_10_aniversario_thumbnail-1000x563.jpg 1000w, https:\/\/www.dosruedasproducciones.com\/wp-content\/uploads\/2023\/04\/teisa_10_aniversario_thumbnail-996x560.jpg 996w, https:\/\/www.dosruedasproducciones.com\/wp-content\/uploads\/2023\/04\/teisa_10_aniversario_thumbnail-600x338.jpg 600w\" sizes=\"(max-width: 1280px) 100vw, 1280px\" \/>\n                        \n                    \n                <\/div>\n\n                <div class=\"clean_skin_wrap_post\">\n\n                    <div class=\"entry-meta\">\n                        <ul>\n                            \n                            \n                                                            <li>\n                                                                                                            <a class=\"portfolio_sub_category\"\n                                           href=\"https:\/\/www.dosruedasproducciones.com\/en\/portfolio\/contenido-de-marca\/\">Brand Content<\/a>\n                                                                            <a class=\"portfolio_sub_category\"\n                                           href=\"https:\/\/www.dosruedasproducciones.com\/en\/portfolio\/corporativo\/\">Corporate<\/a>\n                                                                            <a class=\"portfolio_sub_category\"\n                                           href=\"https:\/\/www.dosruedasproducciones.com\/en\/portfolio\/documental\/\">Documentary<\/a>\n                                                                                                 <\/li>\n                                                    <\/ul>\n                    <\/div>\n                    <h3 class=\"portfolio_item-title\"><a href=\"https:\/\/www.dosruedasproducciones.com\/en\/project\/10-aniversario-teisa\/\" rel=\"bookmark\">10\u00b0 Aniversario &#8211; TEISA<\/a><\/h3>                                    <p>Documental corporativo celebrando 10 a\u00f1os de la empresa costarricense Terminales &#038; Entregas Internacionales S.A. (TEISA).<\/p>\n<p>Narrado a partir de las voces de quienes componen la empresa, aliados estrat\u00e9gicos y clientes leales, nos cuentan: \u00bfQu\u00e9 es TEISA? Su historia, metas, valores y el futuro pr\u00f3ximo de la empresa.<\/p>\n                \n                <\/div>\n            <\/article>\n\t\t\t<\/div><!-- \/\/ .portfolio-grid -->\n\n\t\t\t<\/div>\t\t\t\t\n\n\t\t\t\t\n\t\t\n        \n\t\t<\/div><!-- \/\/ .portfolio-showcase -->\t\t\t\t<\/div>\n\t\t\t\t<\/div>\n\t\t\t\t\t<\/div>\n\t\t<\/div>\n\t\t\t\t\t<\/div>\n\t\t<\/section>\n\t\t\t\t<\/div>","protected":false},"excerpt":{"rendered":"<p>Diego Molina Solano Diego Molina es un director y montajista interesado en la exploraci\u00f3n y la m\u00edstica del lenguaje cinematogr\u00e1fico. Egresado de Licenciatura en Cine y Televisi\u00f3n en la Universidad Veritas, con \u00e9nfasis en montaje, recibi\u00f3 tesis de honor con su proyecto: La \u201cDevoci\u00f3n\u201d como herramienta Favorecedora en el Montaje. [&hellip;]<\/p>","protected":false},"author":1,"featured_media":0,"parent":0,"menu_order":0,"comment_status":"closed","ping_status":"closed","template":"page-templates\/full-width-no-title.php","meta":{"footnotes":""},"class_list":["post-7904","page","type-page","status-publish","hentry"],"aioseo_notices":[],"_links":{"self":[{"href":"https:\/\/www.dosruedasproducciones.com\/en\/wp-json\/wp\/v2\/pages\/7904","targetHints":{"allow":["GET"]}}],"collection":[{"href":"https:\/\/www.dosruedasproducciones.com\/en\/wp-json\/wp\/v2\/pages"}],"about":[{"href":"https:\/\/www.dosruedasproducciones.com\/en\/wp-json\/wp\/v2\/types\/page"}],"author":[{"embeddable":true,"href":"https:\/\/www.dosruedasproducciones.com\/en\/wp-json\/wp\/v2\/users\/1"}],"replies":[{"embeddable":true,"href":"https:\/\/www.dosruedasproducciones.com\/en\/wp-json\/wp\/v2\/comments?post=7904"}],"version-history":[{"count":11,"href":"https:\/\/www.dosruedasproducciones.com\/en\/wp-json\/wp\/v2\/pages\/7904\/revisions"}],"predecessor-version":[{"id":8240,"href":"https:\/\/www.dosruedasproducciones.com\/en\/wp-json\/wp\/v2\/pages\/7904\/revisions\/8240"}],"wp:attachment":[{"href":"https:\/\/www.dosruedasproducciones.com\/en\/wp-json\/wp\/v2\/media?parent=7904"}],"curies":[{"name":"wp","href":"https:\/\/api.w.org\/{rel}","templated":true}]}}