{"id":8224,"date":"2024-02-21T18:01:51","date_gmt":"2024-02-21T18:01:51","guid":{"rendered":"https:\/\/www.dosruedasproducciones.com\/?page_id=8224"},"modified":"2024-02-21T23:02:43","modified_gmt":"2024-02-21T23:02:43","slug":"maria-luisa-santos","status":"publish","type":"page","link":"https:\/\/www.dosruedasproducciones.com\/en\/maria-luisa-santos\/","title":{"rendered":"Mar\u00eda Luisa Santos"},"content":{"rendered":"<div data-elementor-type=\"wp-page\" data-elementor-id=\"8224\" class=\"elementor elementor-8224\">\n\t\t\t\t\t\t<section class=\"elementor-section elementor-top-section elementor-element elementor-element-68f328be elementor-section-boxed elementor-section-height-default elementor-section-height-default\" data-id=\"68f328be\" data-element_type=\"section\">\n\t\t\t\t\t\t<div class=\"elementor-container elementor-column-gap-no\">\n\t\t\t\t\t<div class=\"elementor-column elementor-col-50 elementor-top-column elementor-element elementor-element-23490cc6\" data-id=\"23490cc6\" data-element_type=\"column\">\n\t\t\t<div class=\"elementor-widget-wrap elementor-element-populated\">\n\t\t\t\t\t\t<div class=\"elementor-element elementor-element-4b3891af elementor-widget elementor-widget-image\" data-id=\"4b3891af\" data-element_type=\"widget\" data-widget_type=\"image.default\">\n\t\t\t\t<div class=\"elementor-widget-container\">\n\t\t\t\t\t\t\t\t\t\t\t\t\t\t\t<img fetchpriority=\"high\" decoding=\"async\" width=\"221\" height=\"300\" src=\"https:\/\/www.dosruedasproducciones.com\/wp-content\/uploads\/2024\/02\/maria-luisa-santos-221x300.webp\" class=\"attachment-medium size-medium wp-image-8370\" alt=\"\" srcset=\"https:\/\/www.dosruedasproducciones.com\/wp-content\/uploads\/2024\/02\/maria-luisa-santos-221x300.webp 221w, https:\/\/www.dosruedasproducciones.com\/wp-content\/uploads\/2024\/02\/maria-luisa-santos.webp 400w\" sizes=\"(max-width: 221px) 100vw, 221px\" \/>\t\t\t\t\t\t\t\t\t\t\t\t\t\t\t<\/div>\n\t\t\t\t<\/div>\n\t\t\t\t\t<\/div>\n\t\t<\/div>\n\t\t\t\t<div class=\"elementor-column elementor-col-50 elementor-top-column elementor-element elementor-element-7ddc3166\" data-id=\"7ddc3166\" data-element_type=\"column\">\n\t\t\t<div class=\"elementor-widget-wrap elementor-element-populated\">\n\t\t\t\t\t\t<div class=\"elementor-element elementor-element-34902d4a elementor-widget elementor-widget-heading\" data-id=\"34902d4a\" data-element_type=\"widget\" data-widget_type=\"heading.default\">\n\t\t\t\t<div class=\"elementor-widget-container\">\n\t\t\t\t\t<h2 class=\"elementor-heading-title elementor-size-default\">Mar\u00eda Luisa Santos<\/h2>\t\t\t\t<\/div>\n\t\t\t\t<\/div>\n\t\t\t\t<div class=\"elementor-element elementor-element-37c55bdb elementor-widget__width-initial elementor-widget-tablet__width-initial elementor-widget elementor-widget-text-editor\" data-id=\"37c55bdb\" data-element_type=\"widget\" data-widget_type=\"text-editor.default\">\n\t\t\t\t<div class=\"elementor-widget-container\">\n\t\t\t\t\t\t\t\t\t<p>Mar\u00eda Luisa Santos es una directora, editora y escritora costarricense-cubana. Ella escribe historias y hace pel\u00edculas explorando la inmigraci\u00f3n, la p\u00e9rdida personal y la familia. Luisa est\u00e1 interesada en las conexiones entre la vida interna de uno y el entorno que nos rodea, y expresa experiencias subjetivas e incognoscibles a trav\u00e9s de la descripci\u00f3n del paisaje. Su cortometraje documental Caf\u00e9 de Temporada gan\u00f3 en IndieGrits19 y su cortometraje de ficci\u00f3n TER se estren\u00f3 en SXSW 20 y fue emitido por PBS. Su trabajo se ha mostrado en The New Yorker, SXSW, PBS, New Orleans FF, Femme Frontera y Philadelphia Latino FF, entre otros.<\/p><p><a href=\"https:\/\/www.marialuisasantos.com\/\">marialuisasantos.com<\/a> \u00a0\/\/\u00a0<a href=\"https:\/\/www.sinfincine.com\/\">sinfincine.com<\/a><\/p>\t\t\t\t\t\t\t\t<\/div>\n\t\t\t\t<\/div>\n\t\t\t\t<div class=\"elementor-element elementor-element-2e2e8eb9 elementor-shape-circle e-grid-align-left elementor-grid-0 elementor-widget elementor-widget-social-icons\" data-id=\"2e2e8eb9\" data-element_type=\"widget\" data-widget_type=\"social-icons.default\">\n\t\t\t\t<div class=\"elementor-widget-container\">\n\t\t\t\t\t\t\t<div class=\"elementor-social-icons-wrapper elementor-grid\" role=\"list\">\n\t\t\t\t\t\t\t<span class=\"elementor-grid-item\" role=\"listitem\">\n\t\t\t\t\t<a class=\"elementor-icon elementor-social-icon elementor-social-icon-vimeo elementor-repeater-item-9db7946\" href=\"https:\/\/vimeo.com\/user44904374\" target=\"_blank\">\n\t\t\t\t\t\t<span class=\"elementor-screen-only\">Vimeo<\/span>\n\t\t\t\t\t\t<i aria-hidden=\"true\" class=\"fab fa-vimeo\"><\/i>\t\t\t\t\t<\/a>\n\t\t\t\t<\/span>\n\t\t\t\t\t\t\t<span class=\"elementor-grid-item\" role=\"listitem\">\n\t\t\t\t\t<a class=\"elementor-icon elementor-social-icon elementor-social-icon-linkedin elementor-repeater-item-97f10d8\" href=\"https:\/\/cr.linkedin.com\/in\/maria-luisa-santos-0b0522137\" target=\"_blank\">\n\t\t\t\t\t\t<span class=\"elementor-screen-only\">Linkedin<\/span>\n\t\t\t\t\t\t<i aria-hidden=\"true\" class=\"fab fa-linkedin\"><\/i>\t\t\t\t\t<\/a>\n\t\t\t\t<\/span>\n\t\t\t\t\t<\/div>\n\t\t\t\t\t\t<\/div>\n\t\t\t\t<\/div>\n\t\t\t\t\t<\/div>\n\t\t<\/div>\n\t\t\t\t\t<\/div>\n\t\t<\/section>\n\t\t\t\t<section class=\"elementor-section elementor-top-section elementor-element elementor-element-10ff3f5f elementor-section-boxed elementor-section-height-default elementor-section-height-default\" data-id=\"10ff3f5f\" data-element_type=\"section\">\n\t\t\t\t\t\t<div class=\"elementor-container elementor-column-gap-no\">\n\t\t\t\t\t<div class=\"elementor-column elementor-col-100 elementor-top-column elementor-element elementor-element-3379cafd\" data-id=\"3379cafd\" data-element_type=\"column\">\n\t\t\t<div class=\"elementor-widget-wrap elementor-element-populated\">\n\t\t\t\t\t\t<div class=\"elementor-element elementor-element-1c7478a1 elementor-widget elementor-widget-heading\" data-id=\"1c7478a1\" data-element_type=\"widget\" data-widget_type=\"heading.default\">\n\t\t\t\t<div class=\"elementor-widget-container\">\n\t\t\t\t\t<h2 class=\"elementor-heading-title elementor-size-default\">Colaboraciones <\/h2>\t\t\t\t<\/div>\n\t\t\t\t<\/div>\n\t\t\t\t\t<\/div>\n\t\t<\/div>\n\t\t\t\t\t<\/div>\n\t\t<\/section>\n\t\t\t\t<section class=\"elementor-section elementor-top-section elementor-element elementor-element-463c7048 elementor-section-boxed elementor-section-height-default elementor-section-height-default\" data-id=\"463c7048\" data-element_type=\"section\">\n\t\t\t\t\t\t<div class=\"elementor-container elementor-column-gap-default\">\n\t\t\t\t\t<div class=\"elementor-column elementor-col-50 elementor-top-column elementor-element elementor-element-476babaf\" data-id=\"476babaf\" data-element_type=\"column\">\n\t\t\t<div class=\"elementor-widget-wrap elementor-element-populated\">\n\t\t\t\t\t\t<div class=\"elementor-element elementor-element-4e37e308 elementor-widget elementor-widget-wpzoom-elementor-addons-portfolio-showcase\" data-id=\"4e37e308\" data-element_type=\"widget\" data-settings=\"{&quot;portfolio_showcase_styles&quot;:&quot;default&quot;}\" data-widget_type=\"wpzoom-elementor-addons-portfolio-showcase.default\">\n\t\t\t\t<div class=\"elementor-widget-container\">\n\t\t\t\t\t<div class=\"portfolio-showcase\"><div class=\"portfolio-showcase-header\"><\/div><!-- \/\/ .portfolio-showcase-header --><div class=\"inner-wrap portfolio_template_clean\">\t\t\t<div \t\t\t\tdata-ajax-items-loading=\"1\"\n\t\t\t\tdata-nonce=\"8127dba547\"\n\t\t\t\tdata-count-nonce=\"590732bdb4\"\n\t\t\t\tdata-items-count=\"1\"\n\t\t\t\tdata-instance=\"{&quot;layout_type&quot;:&quot;narrow&quot;,&quot;col_number&quot;:&quot;1&quot;,&quot;aspect_ratio&quot;:&quot;default&quot;,&quot;background_video&quot;:true,&quot;show_masonry&quot;:false,&quot;show_popup&quot;:true,&quot;show_popup_caption&quot;:true,&quot;show_excerpt&quot;:true,&quot;view_all_btn&quot;:true,&quot;readmore_text&quot;:&quot;Read More&quot;,&quot;enable_director_name&quot;:false,&quot;enable_year&quot;:false,&quot;enable_category&quot;:true,&quot;show_count&quot;:4,&quot;show_categories&quot;:true,&quot;always_play_background_video&quot;:false}\"\n\t\t\t\tclass=\"portfolio-grid  portfolio_with_space col_no_1\"\n\t\t\t>\n\t\t\t\t            <article id=\"post-8347\" class=\"portfolio_118_item portfolio_48_item portfolio_item post-8347 type-portfolio_item status-publish has-post-thumbnail hentry portfolio-corto portfolio-ficcion\">\n            \n                <div class=\"portfolio_item_top_wrap\">\n\n                    \n                        <div class=\"entry-thumbnail-popover\">\n                            <div\n                                class=\"entry-thumbnail-popover-content lightbox_popup_insp popover-content--animated\"\n                                data-show-caption=\"1\">\n                                <!-- start lightbox -->\n                                                                                                            <a class=\"mfp-image portfolio-popup-video popup_image_insp\"\n                                           href=\"https:\/\/www.dosruedasproducciones.com\/wp-content\/uploads\/2024\/02\/montana-still.jpg\" aria-label=\"View Image\"><\/a>\n                                                                    \n                                <span class=\"portfolio_item-title\" style=\"display: none;\">\n                                    <a href=\"https:\/\/www.dosruedasproducciones.com\/en\/project\/la-montana\/\"\n                                       title=\"La Monta\u00f1a\">La Monta\u00f1a<\/a>\n                                <\/span>\n\n                            <\/div>\n                        <\/div>\n\n                        \n                            <img decoding=\"async\" width=\"1500\" height=\"844\" src=\"https:\/\/www.dosruedasproducciones.com\/wp-content\/uploads\/2024\/02\/montana-still.jpg\" class=\"attachment-portfolio_item-thumbnail_wide size-portfolio_item-thumbnail_wide wp-post-image\" alt=\"\" srcset=\"https:\/\/www.dosruedasproducciones.com\/wp-content\/uploads\/2024\/02\/montana-still.jpg 1500w, https:\/\/www.dosruedasproducciones.com\/wp-content\/uploads\/2024\/02\/montana-still-300x169.jpg 300w, https:\/\/www.dosruedasproducciones.com\/wp-content\/uploads\/2024\/02\/montana-still-1024x576.jpg 1024w, https:\/\/www.dosruedasproducciones.com\/wp-content\/uploads\/2024\/02\/montana-still-768x432.jpg 768w, https:\/\/www.dosruedasproducciones.com\/wp-content\/uploads\/2024\/02\/montana-still-1000x563.jpg 1000w, https:\/\/www.dosruedasproducciones.com\/wp-content\/uploads\/2024\/02\/montana-still-995x560.jpg 995w, https:\/\/www.dosruedasproducciones.com\/wp-content\/uploads\/2024\/02\/montana-still-600x338.jpg 600w\" sizes=\"(max-width: 1500px) 100vw, 1500px\" \/>\n                        \n                    \n                <\/div>\n\n                <div class=\"clean_skin_wrap_post\">\n\n                    <div class=\"entry-meta\">\n                        <ul>\n                            \n                            \n                                                            <li>\n                                                                                                            <a class=\"portfolio_sub_category\"\n                                           href=\"https:\/\/www.dosruedasproducciones.com\/en\/portfolio\/corto\/\">Shortfilm<\/a>\n                                                                            <a class=\"portfolio_sub_category\"\n                                           href=\"https:\/\/www.dosruedasproducciones.com\/en\/portfolio\/ficcion\/\">Fiction<\/a>\n                                                                                                 <\/li>\n                                                    <\/ul>\n                    <\/div>\n                    <h3 class=\"portfolio_item-title\"><a href=\"https:\/\/www.dosruedasproducciones.com\/en\/project\/la-montana\/\" rel=\"bookmark\">La Monta\u00f1a<\/a><\/h3>                                    <p>Mar\u00eda Luisa Santos y Carlo Nasisse \/ 2024 \/ Postproduction Cuando en la comunidad rural de Santa Clara se escuchan ruidos extra\u00f1os y se sienten temblores, los vecinos se convencen de que la monta\u00f1a en la que han construido sus hogares, se est\u00e1 moviendo. Mar\u00eda Jos\u00e9, una fisioterapeuta introvertida, se [&hellip;]<\/p>\n                \n                <\/div>\n            <\/article>\n\t\t\t<\/div><!-- \/\/ .portfolio-grid -->\n\n\t\t\t<\/div>\t\t\t\t\n\n\t\t\t\t\n\t\t\n        \n\t\t<\/div><!-- \/\/ .portfolio-showcase -->\t\t\t\t<\/div>\n\t\t\t\t<\/div>\n\t\t\t\t\t<\/div>\n\t\t<\/div>\n\t\t\t\t<div class=\"elementor-column elementor-col-50 elementor-top-column elementor-element elementor-element-299604a4\" data-id=\"299604a4\" data-element_type=\"column\">\n\t\t\t<div class=\"elementor-widget-wrap\">\n\t\t\t\t\t\t\t<\/div>\n\t\t<\/div>\n\t\t\t\t\t<\/div>\n\t\t<\/section>\n\t\t\t\t<\/div>","protected":false},"excerpt":{"rendered":"<p>Mar\u00eda Luisa Santos Mar\u00eda Luisa Santos es una directora, editora y escritora costarricense-cubana. Ella escribe historias y hace pel\u00edculas explorando la inmigraci\u00f3n, la p\u00e9rdida personal y la familia. Luisa est\u00e1 interesada en las conexiones entre la vida interna de uno y el entorno que nos rodea, y expresa experiencias subjetivas [&hellip;]<\/p>","protected":false},"author":1,"featured_media":0,"parent":0,"menu_order":0,"comment_status":"closed","ping_status":"closed","template":"page-templates\/full-width-no-title.php","meta":{"footnotes":""},"class_list":["post-8224","page","type-page","status-publish","hentry"],"aioseo_notices":[],"_links":{"self":[{"href":"https:\/\/www.dosruedasproducciones.com\/en\/wp-json\/wp\/v2\/pages\/8224","targetHints":{"allow":["GET"]}}],"collection":[{"href":"https:\/\/www.dosruedasproducciones.com\/en\/wp-json\/wp\/v2\/pages"}],"about":[{"href":"https:\/\/www.dosruedasproducciones.com\/en\/wp-json\/wp\/v2\/types\/page"}],"author":[{"embeddable":true,"href":"https:\/\/www.dosruedasproducciones.com\/en\/wp-json\/wp\/v2\/users\/1"}],"replies":[{"embeddable":true,"href":"https:\/\/www.dosruedasproducciones.com\/en\/wp-json\/wp\/v2\/comments?post=8224"}],"version-history":[{"count":18,"href":"https:\/\/www.dosruedasproducciones.com\/en\/wp-json\/wp\/v2\/pages\/8224\/revisions"}],"predecessor-version":[{"id":8449,"href":"https:\/\/www.dosruedasproducciones.com\/en\/wp-json\/wp\/v2\/pages\/8224\/revisions\/8449"}],"wp:attachment":[{"href":"https:\/\/www.dosruedasproducciones.com\/en\/wp-json\/wp\/v2\/media?parent=8224"}],"curies":[{"name":"wp","href":"https:\/\/api.w.org\/{rel}","templated":true}]}}